{"id":2161,"date":"2024-10-03T10:14:36","date_gmt":"2024-10-03T08:14:36","guid":{"rendered":"https:\/\/marimu.de\/?page_id=2161"},"modified":"2024-10-06T19:23:40","modified_gmt":"2024-10-06T17:23:40","slug":"gutschein-vor-ort-variante","status":"publish","type":"page","link":"https:\/\/marimu.de\/en\/gutschein-vor-ort-variante\/","title":{"rendered":"Gutschein vor Ort Variante"},"content":{"rendered":"<div data-elementor-type=\"wp-page\" data-elementor-id=\"2161\" class=\"elementor elementor-2161\">\n\t\t\t\t\t\t<section class=\"elementor-section elementor-top-section elementor-element elementor-element-d83e9e8 elementor-section-boxed elementor-section-height-default elementor-section-height-default parallax_section_no qode_elementor_container_no\" data-id=\"d83e9e8\" data-element_type=\"section\" data-e-type=\"section\">\n\t\t\t\t\t\t<div class=\"elementor-container elementor-column-gap-default\">\n\t\t\t\t\t<div class=\"elementor-column elementor-col-100 elementor-top-column elementor-element elementor-element-64116e1\" data-id=\"64116e1\" data-element_type=\"column\" data-e-type=\"column\">\n\t\t\t<div class=\"elementor-widget-wrap\">\n\t\t\t\t\t\t\t<\/div>\n\t\t<\/div>\n\t\t\t\t\t<\/div>\n\t\t<\/section>\n\t\t\t\t<section class=\"elementor-section elementor-top-section elementor-element elementor-element-e37c9da elementor-section-boxed elementor-section-height-default elementor-section-height-default parallax_section_no qode_elementor_container_no\" data-id=\"e37c9da\" data-element_type=\"section\" data-e-type=\"section\">\n\t\t\t\t\t\t<div class=\"elementor-container elementor-column-gap-default\">\n\t\t\t\t\t<div class=\"elementor-column elementor-col-50 elementor-top-column elementor-element elementor-element-ec4bac4\" data-id=\"ec4bac4\" data-element_type=\"column\" data-e-type=\"column\">\n\t\t\t<div class=\"elementor-widget-wrap elementor-element-populated\">\n\t\t\t\t\t\t<div class=\"elementor-element elementor-element-83698b3 elementor-widget elementor-widget-image\" data-id=\"83698b3\" data-element_type=\"widget\" data-e-type=\"widget\" data-widget_type=\"image.default\">\n\t\t\t\t<div class=\"elementor-widget-container\">\n\t\t\t\t\t\t\t\t\t\t\t\t\t\t\t<img fetchpriority=\"high\" decoding=\"async\" width=\"540\" height=\"540\" src=\"https:\/\/marimu.de\/wp-content\/uploads\/2024\/10\/Englisch_Jetzt-kaufen_Online_GutscheinVorOrt.jpg\" class=\"attachment-full size-full wp-image-2243\" alt=\"\" srcset=\"https:\/\/marimu.de\/wp-content\/uploads\/2024\/10\/Englisch_Jetzt-kaufen_Online_GutscheinVorOrt.jpg 540w, https:\/\/marimu.de\/wp-content\/uploads\/2024\/10\/Englisch_Jetzt-kaufen_Online_GutscheinVorOrt-300x300.jpg 300w, https:\/\/marimu.de\/wp-content\/uploads\/2024\/10\/Englisch_Jetzt-kaufen_Online_GutscheinVorOrt-150x150.jpg 150w, https:\/\/marimu.de\/wp-content\/uploads\/2024\/10\/Englisch_Jetzt-kaufen_Online_GutscheinVorOrt-12x12.jpg 12w, https:\/\/marimu.de\/wp-content\/uploads\/2024\/10\/Englisch_Jetzt-kaufen_Online_GutscheinVorOrt-500x500.jpg 500w, https:\/\/marimu.de\/wp-content\/uploads\/2024\/10\/Englisch_Jetzt-kaufen_Online_GutscheinVorOrt-100x100.jpg 100w\" sizes=\"(max-width: 540px) 100vw, 540px\" \/>\t\t\t\t\t\t\t\t\t\t\t\t\t\t\t<\/div>\n\t\t\t\t<\/div>\n\t\t\t\t\t<\/div>\n\t\t<\/div>\n\t\t\t\t<div class=\"elementor-column elementor-col-50 elementor-top-column elementor-element elementor-element-f16900c\" data-id=\"f16900c\" data-element_type=\"column\" data-e-type=\"column\">\n\t\t\t<div class=\"elementor-widget-wrap elementor-element-populated\">\n\t\t\t\t\t\t<div class=\"elementor-element elementor-element-b517672 elementor-widget elementor-widget-html\" data-id=\"b517672\" data-element_type=\"widget\" data-e-type=\"widget\" data-widget_type=\"html.default\">\n\t\t\t\t<div class=\"elementor-widget-container\">\n\t\t\t\t\t<h2>Voucher \"On-Site Variant\"<\/h2>\r\n<h4>29,99 \u20ac INCL. MWST.<\/h4>\r\n<\/br>\r\n<p class=\"translation-block\">Are you from Amberg-Sulzbach and would you like to give a gift to someone who also lives in Amberg-Sulzbach? Then this is the right voucher for you! <br>\n<br>\nYou have chosen the <strong>voucher<\/strong> <b>\u201c<\/b><b>on-site variant\u201d<\/b>, i.e. the <b>redeeming of the voucher<\/b> and the <b>Collection of the MARIMU dispenser<\/b> takes place personally on site <b>in one of our 4 K\u00e4fer pharmacies.<\/b><\/p>\r\n<p>&nbsp;<\/p>\r\n<p class=\"translation-block\">You can buy our high-quality <strong>voucher<\/strong> in any K\u00e4fer pharmacy!<\/p>\r\n<p>&nbsp;<\/p>\r\n<p>_____________________<\/p>\r\n<p>&nbsp;<\/p>\r\n<p>The person receiving the gift does not live in Amberg-Sulzbach or the surrounding area?<\/p>\r\n<p>&nbsp;<\/p>\r\n<p class=\"translation-block\">Then you should rather choose the <a href=\"https:\/\/marimu.de\/en\/product\/gutschein-versand\/\" target=\"_self\">voucher \"Shipping variant\"<\/a>!<br>\nThis means that the recipient can order their MARIMU dispenser themselves via our web shop and pay directly in the shopping cart using the voucher code (located on the voucher) (enter it in the \u201cVoucher Code\u201d field). We will then send the recipient our MARIMU dispenser as well as all utensils and the manufacturing instructions by post directly to the address provided.<\/p>\t\t\t\t<\/div>\n\t\t\t\t<\/div>\n\t\t\t\t\t<\/div>\n\t\t<\/div>\n\t\t\t\t\t<\/div>\n\t\t<\/section>\n\t\t\t\t<section class=\"elementor-section elementor-top-section elementor-element elementor-element-cbaefd5 elementor-section-boxed elementor-section-height-default elementor-section-height-default parallax_section_no qode_elementor_container_no\" data-id=\"cbaefd5\" data-element_type=\"section\" data-e-type=\"section\">\n\t\t\t\t\t\t<div class=\"elementor-container elementor-column-gap-default\">\n\t\t\t\t\t<div class=\"elementor-column elementor-col-100 elementor-top-column elementor-element elementor-element-2795280\" data-id=\"2795280\" data-element_type=\"column\" data-e-type=\"column\">\n\t\t\t<div class=\"elementor-widget-wrap elementor-element-populated\">\n\t\t\t\t\t\t<section class=\"elementor-section elementor-inner-section elementor-element elementor-element-8028a20 elementor-section-boxed elementor-section-height-default elementor-section-height-default parallax_section_no qode_elementor_container_no\" data-id=\"8028a20\" data-element_type=\"section\" data-e-type=\"section\">\n\t\t\t\t\t\t<div class=\"elementor-container elementor-column-gap-default\">\n\t\t\t\t\t<div class=\"elementor-column elementor-col-50 elementor-inner-column elementor-element elementor-element-d5ae115\" data-id=\"d5ae115\" data-element_type=\"column\" data-e-type=\"column\">\n\t\t\t<div class=\"elementor-widget-wrap\">\n\t\t\t\t\t\t\t<\/div>\n\t\t<\/div>\n\t\t\t\t<div class=\"elementor-column elementor-col-50 elementor-inner-column elementor-element elementor-element-c22dffe\" data-id=\"c22dffe\" data-element_type=\"column\" data-e-type=\"column\">\n\t\t\t<div class=\"elementor-widget-wrap\">\n\t\t\t\t\t\t\t<\/div>\n\t\t<\/div>\n\t\t\t\t\t<\/div>\n\t\t<\/section>\n\t\t\t\t\t<\/div>\n\t\t<\/div>\n\t\t\t\t\t<\/div>\n\t\t<\/section>\n\t\t\t\t<\/div>","protected":false},"excerpt":{"rendered":"<p>Gutschein \u201eVor-Ort-Variante\u201c 29,99 \u20ac INKL. MWST. Du selbst bist aus Amberg-Sulzbach und m\u00f6chtest jemanden beschenken, der ebenfalls in Amberg-Sulzbach wohnt? Dann ist das der richtige Gutschein f\u00fcr dich! Du hast dich f\u00fcr den Gutschein \u201eVor-Ort-Variante\u201c entschieden, d.h. die Einl\u00f6sung des Gutscheins und die Abholung des&#8230;<\/p>","protected":false},"author":1,"featured_media":0,"parent":0,"menu_order":6,"comment_status":"closed","ping_status":"closed","template":"","meta":{"_glsr_average":0,"_glsr_ranking":0,"_glsr_reviews":0,"footnotes":""},"class_list":["post-2161","page","type-page","status-publish","hentry"],"yoast_head":"<!-- This site is optimized with the Yoast SEO plugin v27.5 - https:\/\/yoast.com\/product\/yoast-seo-wordpress\/ -->\n<title>Gutschein vor Ort Variante - MARIMU<\/title>\n<meta name=\"description\" content=\"MARIMU ist eine individuelle Muttermilchcreme \u2013 hergestellt aus deiner eigenen Muttermilch!\" \/>\n<meta name=\"robots\" content=\"index, follow, max-snippet:-1, max-image-preview:large, max-video-preview:-1\" \/>\n<link rel=\"canonical\" href=\"https:\/\/marimu.de\/en\/gutschein-vor-ort-variante\/\" \/>\n<meta property=\"og:locale\" content=\"en_GB\" \/>\n<meta property=\"og:type\" content=\"article\" \/>\n<meta property=\"og:title\" content=\"Gutschein vor Ort Variante - MARIMU\" \/>\n<meta property=\"og:description\" content=\"MARIMU ist eine individuelle Muttermilchcreme \u2013 hergestellt aus deiner eigenen Muttermilch!\" \/>\n<meta property=\"og:url\" content=\"https:\/\/marimu.de\/en\/gutschein-vor-ort-variante\/\" \/>\n<meta property=\"og:site_name\" content=\"MARIMU\" \/>\n<meta property=\"article:publisher\" content=\"https:\/\/www.facebook.com\/marimu.muttermilchcreme\" \/>\n<meta property=\"article:modified_time\" content=\"2024-10-06T17:23:40+00:00\" \/>\n<meta property=\"og:image\" content=\"https:\/\/marimu.de\/wp-content\/uploads\/2024\/10\/Jetzt-kaufen_Vor-Ort_GutscheinVorOrt-1.jpg\" \/>\n<meta name=\"twitter:card\" content=\"summary_large_image\" \/>\n<meta name=\"twitter:label1\" content=\"Estimated reading time\" \/>\n\t<meta name=\"twitter:data1\" content=\"1 minute\" \/>\n<script type=\"application\/ld+json\" class=\"yoast-schema-graph\">{\"@context\":\"https:\\\/\\\/schema.org\",\"@graph\":[{\"@type\":\"WebPage\",\"@id\":\"https:\\\/\\\/marimu.de\\\/gutschein-vor-ort-variante\\\/\",\"url\":\"https:\\\/\\\/marimu.de\\\/gutschein-vor-ort-variante\\\/\",\"name\":\"Gutschein vor Ort Variante - MARIMU\",\"isPartOf\":{\"@id\":\"https:\\\/\\\/marimu.de\\\/#website\"},\"primaryImageOfPage\":{\"@id\":\"https:\\\/\\\/marimu.de\\\/gutschein-vor-ort-variante\\\/#primaryimage\"},\"image\":{\"@id\":\"https:\\\/\\\/marimu.de\\\/gutschein-vor-ort-variante\\\/#primaryimage\"},\"thumbnailUrl\":\"https:\\\/\\\/marimu.de\\\/wp-content\\\/uploads\\\/2024\\\/10\\\/Jetzt-kaufen_Vor-Ort_GutscheinVorOrt-1.jpg\",\"datePublished\":\"2024-10-03T08:14:36+00:00\",\"dateModified\":\"2024-10-06T17:23:40+00:00\",\"description\":\"MARIMU ist eine individuelle Muttermilchcreme \u2013 hergestellt aus deiner eigenen Muttermilch!\",\"breadcrumb\":{\"@id\":\"https:\\\/\\\/marimu.de\\\/gutschein-vor-ort-variante\\\/#breadcrumb\"},\"inLanguage\":\"en-GB\",\"potentialAction\":[{\"@type\":\"ReadAction\",\"target\":[\"https:\\\/\\\/marimu.de\\\/gutschein-vor-ort-variante\\\/\"]}]},{\"@type\":\"ImageObject\",\"inLanguage\":\"en-GB\",\"@id\":\"https:\\\/\\\/marimu.de\\\/gutschein-vor-ort-variante\\\/#primaryimage\",\"url\":\"https:\\\/\\\/marimu.de\\\/wp-content\\\/uploads\\\/2024\\\/10\\\/Jetzt-kaufen_Vor-Ort_GutscheinVorOrt-1.jpg\",\"contentUrl\":\"https:\\\/\\\/marimu.de\\\/wp-content\\\/uploads\\\/2024\\\/10\\\/Jetzt-kaufen_Vor-Ort_GutscheinVorOrt-1.jpg\"},{\"@type\":\"BreadcrumbList\",\"@id\":\"https:\\\/\\\/marimu.de\\\/gutschein-vor-ort-variante\\\/#breadcrumb\",\"itemListElement\":[{\"@type\":\"ListItem\",\"position\":1,\"name\":\"Startseite\",\"item\":\"https:\\\/\\\/marimu.de\\\/\"},{\"@type\":\"ListItem\",\"position\":2,\"name\":\"Gutschein vor Ort Variante\"}]},{\"@type\":\"WebSite\",\"@id\":\"https:\\\/\\\/marimu.de\\\/#website\",\"url\":\"https:\\\/\\\/marimu.de\\\/\",\"name\":\"MARIMU\",\"description\":\"Das Beste f\u00fcr dein Kind\",\"publisher\":{\"@id\":\"https:\\\/\\\/marimu.de\\\/#organization\"},\"potentialAction\":[{\"@type\":\"SearchAction\",\"target\":{\"@type\":\"EntryPoint\",\"urlTemplate\":\"https:\\\/\\\/marimu.de\\\/?s={search_term_string}\"},\"query-input\":{\"@type\":\"PropertyValueSpecification\",\"valueRequired\":true,\"valueName\":\"search_term_string\"}}],\"inLanguage\":\"en-GB\"},{\"@type\":\"Organization\",\"@id\":\"https:\\\/\\\/marimu.de\\\/#organization\",\"name\":\"MARIMU \u2013 DAS BESTE F\u00dcR IHR KIND\",\"url\":\"https:\\\/\\\/marimu.de\\\/\",\"logo\":{\"@type\":\"ImageObject\",\"inLanguage\":\"en-GB\",\"@id\":\"https:\\\/\\\/marimu.de\\\/#\\\/schema\\\/logo\\\/image\\\/\",\"url\":\"https:\\\/\\\/marimu.de\\\/wp-content\\\/uploads\\\/2022\\\/09\\\/marimu_logo.jpg\",\"contentUrl\":\"https:\\\/\\\/marimu.de\\\/wp-content\\\/uploads\\\/2022\\\/09\\\/marimu_logo.jpg\",\"width\":250,\"height\":60,\"caption\":\"MARIMU \u2013 DAS BESTE F\u00dcR IHR KIND\"},\"image\":{\"@id\":\"https:\\\/\\\/marimu.de\\\/#\\\/schema\\\/logo\\\/image\\\/\"},\"sameAs\":[\"https:\\\/\\\/www.facebook.com\\\/marimu.muttermilchcreme\",\"https:\\\/\\\/www.instagram.com\\\/marimu.muttermilchcreme\\\/\"]}]}<\/script>\n<!-- \/ Yoast SEO plugin. -->","yoast_head_json":{"title":"Gutschein vor Ort Variante - MARIMU","description":"MARIMU is an individual breast milk cream - made from your own breast milk!","robots":{"index":"index","follow":"follow","max-snippet":"max-snippet:-1","max-image-preview":"max-image-preview:large","max-video-preview":"max-video-preview:-1"},"canonical":"https:\/\/marimu.de\/en\/gutschein-vor-ort-variante\/","og_locale":"en_GB","og_type":"article","og_title":"Gutschein vor Ort Variante - MARIMU","og_description":"MARIMU ist eine individuelle Muttermilchcreme \u2013 hergestellt aus deiner eigenen Muttermilch!","og_url":"https:\/\/marimu.de\/en\/gutschein-vor-ort-variante\/","og_site_name":"MARIMU","article_publisher":"https:\/\/www.facebook.com\/marimu.muttermilchcreme","article_modified_time":"2024-10-06T17:23:40+00:00","og_image":[{"url":"https:\/\/marimu.de\/wp-content\/uploads\/2024\/10\/Jetzt-kaufen_Vor-Ort_GutscheinVorOrt-1.jpg","type":"","width":"","height":""}],"twitter_card":"summary_large_image","twitter_misc":{"Estimated reading time":"1 minute"},"schema":{"@context":"https:\/\/schema.org","@graph":[{"@type":"WebPage","@id":"https:\/\/marimu.de\/gutschein-vor-ort-variante\/","url":"https:\/\/marimu.de\/gutschein-vor-ort-variante\/","name":"Gutschein vor Ort Variante - MARIMU","isPartOf":{"@id":"https:\/\/marimu.de\/#website"},"primaryImageOfPage":{"@id":"https:\/\/marimu.de\/gutschein-vor-ort-variante\/#primaryimage"},"image":{"@id":"https:\/\/marimu.de\/gutschein-vor-ort-variante\/#primaryimage"},"thumbnailUrl":"https:\/\/marimu.de\/wp-content\/uploads\/2024\/10\/Jetzt-kaufen_Vor-Ort_GutscheinVorOrt-1.jpg","datePublished":"2024-10-03T08:14:36+00:00","dateModified":"2024-10-06T17:23:40+00:00","description":"MARIMU is an individual breast milk cream - made from your own breast milk!","breadcrumb":{"@id":"https:\/\/marimu.de\/gutschein-vor-ort-variante\/#breadcrumb"},"inLanguage":"en-GB","potentialAction":[{"@type":"ReadAction","target":["https:\/\/marimu.de\/gutschein-vor-ort-variante\/"]}]},{"@type":"ImageObject","inLanguage":"en-GB","@id":"https:\/\/marimu.de\/gutschein-vor-ort-variante\/#primaryimage","url":"https:\/\/marimu.de\/wp-content\/uploads\/2024\/10\/Jetzt-kaufen_Vor-Ort_GutscheinVorOrt-1.jpg","contentUrl":"https:\/\/marimu.de\/wp-content\/uploads\/2024\/10\/Jetzt-kaufen_Vor-Ort_GutscheinVorOrt-1.jpg"},{"@type":"BreadcrumbList","@id":"https:\/\/marimu.de\/gutschein-vor-ort-variante\/#breadcrumb","itemListElement":[{"@type":"ListItem","position":1,"name":"Startseite","item":"https:\/\/marimu.de\/"},{"@type":"ListItem","position":2,"name":"Gutschein vor Ort Variante"}]},{"@type":"WebSite","@id":"https:\/\/marimu.de\/#website","url":"https:\/\/marimu.de\/","name":"MARIMU","description":"Das Beste f\u00fcr dein Kind","publisher":{"@id":"https:\/\/marimu.de\/#organization"},"potentialAction":[{"@type":"SearchAction","target":{"@type":"EntryPoint","urlTemplate":"https:\/\/marimu.de\/?s={search_term_string}"},"query-input":{"@type":"PropertyValueSpecification","valueRequired":true,"valueName":"search_term_string"}}],"inLanguage":"en-GB"},{"@type":"Organization","@id":"https:\/\/marimu.de\/#organization","name":"MARIMU \u2013 DAS BESTE F\u00dcR IHR KIND","url":"https:\/\/marimu.de\/","logo":{"@type":"ImageObject","inLanguage":"en-GB","@id":"https:\/\/marimu.de\/#\/schema\/logo\/image\/","url":"https:\/\/marimu.de\/wp-content\/uploads\/2022\/09\/marimu_logo.jpg","contentUrl":"https:\/\/marimu.de\/wp-content\/uploads\/2022\/09\/marimu_logo.jpg","width":250,"height":60,"caption":"MARIMU \u2013 DAS BESTE F\u00dcR IHR KIND"},"image":{"@id":"https:\/\/marimu.de\/#\/schema\/logo\/image\/"},"sameAs":["https:\/\/www.facebook.com\/marimu.muttermilchcreme","https:\/\/www.instagram.com\/marimu.muttermilchcreme\/"]}]}},"_links":{"self":[{"href":"https:\/\/marimu.de\/en\/wp-json\/wp\/v2\/pages\/2161","targetHints":{"allow":["GET"]}}],"collection":[{"href":"https:\/\/marimu.de\/en\/wp-json\/wp\/v2\/pages"}],"about":[{"href":"https:\/\/marimu.de\/en\/wp-json\/wp\/v2\/types\/page"}],"author":[{"embeddable":true,"href":"https:\/\/marimu.de\/en\/wp-json\/wp\/v2\/users\/1"}],"replies":[{"embeddable":true,"href":"https:\/\/marimu.de\/en\/wp-json\/wp\/v2\/comments?post=2161"}],"version-history":[{"count":22,"href":"https:\/\/marimu.de\/en\/wp-json\/wp\/v2\/pages\/2161\/revisions"}],"predecessor-version":[{"id":2246,"href":"https:\/\/marimu.de\/en\/wp-json\/wp\/v2\/pages\/2161\/revisions\/2246"}],"wp:attachment":[{"href":"https:\/\/marimu.de\/en\/wp-json\/wp\/v2\/media?parent=2161"}],"curies":[{"name":"wp","href":"https:\/\/api.w.org\/{rel}","templated":true}]}}