{"id":2170,"date":"2024-10-03T10:20:01","date_gmt":"2024-10-03T08:20:01","guid":{"rendered":"https:\/\/marimu.de\/?page_id=2170"},"modified":"2024-10-06T19:36:10","modified_gmt":"2024-10-06T17:36:10","slug":"gutschein-versand-variante","status":"publish","type":"page","link":"https:\/\/marimu.de\/en\/gutschein-versand-variante\/","title":{"rendered":"Gutschein Versand Variante"},"content":{"rendered":"<div data-elementor-type=\"wp-page\" data-elementor-id=\"2170\" class=\"elementor elementor-2170\">\n\t\t\t\t\t\t<section class=\"elementor-section elementor-top-section elementor-element elementor-element-d83e9e8 elementor-section-boxed elementor-section-height-default elementor-section-height-default parallax_section_no qode_elementor_container_no\" data-id=\"d83e9e8\" data-element_type=\"section\" data-e-type=\"section\">\n\t\t\t\t\t\t<div class=\"elementor-container elementor-column-gap-default\">\n\t\t\t\t\t<div class=\"elementor-column elementor-col-100 elementor-top-column elementor-element elementor-element-64116e1\" data-id=\"64116e1\" data-element_type=\"column\" data-e-type=\"column\">\n\t\t\t<div class=\"elementor-widget-wrap\">\n\t\t\t\t\t\t\t<\/div>\n\t\t<\/div>\n\t\t\t\t\t<\/div>\n\t\t<\/section>\n\t\t\t\t<section class=\"elementor-section elementor-top-section elementor-element elementor-element-e37c9da elementor-section-boxed elementor-section-height-default elementor-section-height-default parallax_section_no qode_elementor_container_no\" data-id=\"e37c9da\" data-element_type=\"section\" data-e-type=\"section\">\n\t\t\t\t\t\t<div class=\"elementor-container elementor-column-gap-default\">\n\t\t\t\t\t<div class=\"elementor-column elementor-col-50 elementor-top-column elementor-element elementor-element-ec4bac4\" data-id=\"ec4bac4\" data-element_type=\"column\" data-e-type=\"column\">\n\t\t\t<div class=\"elementor-widget-wrap elementor-element-populated\">\n\t\t\t\t\t\t<div class=\"elementor-element elementor-element-83698b3 elementor-widget elementor-widget-image\" data-id=\"83698b3\" data-element_type=\"widget\" data-e-type=\"widget\" data-widget_type=\"image.default\">\n\t\t\t\t<div class=\"elementor-widget-container\">\n\t\t\t\t\t\t\t\t\t\t\t\t\t\t\t<img fetchpriority=\"high\" decoding=\"async\" width=\"540\" height=\"540\" src=\"https:\/\/marimu.de\/wp-content\/uploads\/2024\/10\/Englisch_Jetzt-kaufen_Online_GutscheinVersand.jpg\" class=\"attachment-full size-full wp-image-2247\" alt=\"\" srcset=\"https:\/\/marimu.de\/wp-content\/uploads\/2024\/10\/Englisch_Jetzt-kaufen_Online_GutscheinVersand.jpg 540w, https:\/\/marimu.de\/wp-content\/uploads\/2024\/10\/Englisch_Jetzt-kaufen_Online_GutscheinVersand-300x300.jpg 300w, https:\/\/marimu.de\/wp-content\/uploads\/2024\/10\/Englisch_Jetzt-kaufen_Online_GutscheinVersand-150x150.jpg 150w, https:\/\/marimu.de\/wp-content\/uploads\/2024\/10\/Englisch_Jetzt-kaufen_Online_GutscheinVersand-12x12.jpg 12w, https:\/\/marimu.de\/wp-content\/uploads\/2024\/10\/Englisch_Jetzt-kaufen_Online_GutscheinVersand-500x500.jpg 500w, https:\/\/marimu.de\/wp-content\/uploads\/2024\/10\/Englisch_Jetzt-kaufen_Online_GutscheinVersand-100x100.jpg 100w\" sizes=\"(max-width: 540px) 100vw, 540px\" \/>\t\t\t\t\t\t\t\t\t\t\t\t\t\t\t<\/div>\n\t\t\t\t<\/div>\n\t\t\t\t\t<\/div>\n\t\t<\/div>\n\t\t\t\t<div class=\"elementor-column elementor-col-50 elementor-top-column elementor-element elementor-element-f16900c\" data-id=\"f16900c\" data-element_type=\"column\" data-e-type=\"column\">\n\t\t\t<div class=\"elementor-widget-wrap elementor-element-populated\">\n\t\t\t\t\t\t<div class=\"elementor-element elementor-element-b517672 elementor-widget elementor-widget-html\" data-id=\"b517672\" data-element_type=\"widget\" data-e-type=\"widget\" data-widget_type=\"html.default\">\n\t\t\t\t<div class=\"elementor-widget-container\">\n\t\t\t\t\t<h2>Voucher \"Delivery\"<\/h2>\r\n<h4>39,99 \u20ac INCL. MWST.<\/h4>\r\n<\/br>\r\n<p class=\"translation-block\">You yourself are from Amberg-Sulzbach and would like to give a gift to someone who is NOT in Amberg-Sulzbach \/strong&gt; lives? Then this is the right voucher for you! <br>\n<br><p class=\"translation-block\">You have chosen the \u201c<strong>Shipping option\u201d voucher, i.e. the voucher can be redeemed <b>online<\/b> via our website (www.marimu.de \/product\/breast milk cream). We will then <b>send<\/b> our <strong>MARIMU dispenser<\/b> directly to the recipient's home by post.<\/p>\r\n\r\n<p class=\"translation-block\">With the \u201cshipping option\u201d we can send our MARIMU dispenser <b>worldwide<\/b>!<\/p><\/p>\r\n<p>&nbsp;<\/p>\r\n<p class=\"translation-block\">You can buy our high-quality <strong>voucher<\/strong> in any K\u00e4fer pharmacy! The <strong>voucher code<\/strong> is located directly on the voucher. To pay, the voucher code must be entered into the \u201cVoucher Code\u201d field in the shopping cart on our MARIMU website!<\/p>\r\n<p>&nbsp;<\/p>\r\n<p>MARIMU was developed as a local product, but it quickly became clear: <strong>The world needs MARIMU!<\/strong>&nbsp;That's why we worked intensively on it, just like MARIMU <strong>weltweit<\/strong> can send. After a few attempts, we managed to adapt our manufacturing instructions so that we can ship MARIMU worldwide - unfortunately shipping costs some money and is the reason why the shipping option is more expensive than the on-site option.<\/p>\r\n<\/br>\r\n<p>_____________________<\/p>\r\n<p>&nbsp;<\/p>\r\n<p>Does the recipient live in Amberg-Sulzbach or the surrounding area?<\/p>\r\n<p class=\"translation-block\">Then you should choose the <a href=\"https:\/\/marimu.de\/en\/product\/gutschein-vor-ort\/\" target=\"_self\">voucher \u201con-site variant\u201d<\/a>! Here you can save money because there are no costs for shipping the MARIMU dispenser.<\/p>\t\t\t\t<\/div>\n\t\t\t\t<\/div>\n\t\t\t\t\t<\/div>\n\t\t<\/div>\n\t\t\t\t\t<\/div>\n\t\t<\/section>\n\t\t\t\t<section class=\"elementor-section elementor-top-section elementor-element elementor-element-cbaefd5 elementor-section-boxed elementor-section-height-default elementor-section-height-default parallax_section_no qode_elementor_container_no\" data-id=\"cbaefd5\" data-element_type=\"section\" data-e-type=\"section\">\n\t\t\t\t\t\t<div class=\"elementor-container elementor-column-gap-default\">\n\t\t\t\t\t<div class=\"elementor-column elementor-col-100 elementor-top-column elementor-element elementor-element-2795280\" data-id=\"2795280\" data-element_type=\"column\" data-e-type=\"column\">\n\t\t\t<div class=\"elementor-widget-wrap elementor-element-populated\">\n\t\t\t\t\t\t<section class=\"elementor-section elementor-inner-section elementor-element elementor-element-8028a20 elementor-section-boxed elementor-section-height-default elementor-section-height-default parallax_section_no qode_elementor_container_no\" data-id=\"8028a20\" data-element_type=\"section\" data-e-type=\"section\">\n\t\t\t\t\t\t<div class=\"elementor-container elementor-column-gap-default\">\n\t\t\t\t\t<div class=\"elementor-column elementor-col-50 elementor-inner-column elementor-element elementor-element-d5ae115\" data-id=\"d5ae115\" data-element_type=\"column\" data-e-type=\"column\">\n\t\t\t<div class=\"elementor-widget-wrap\">\n\t\t\t\t\t\t\t<\/div>\n\t\t<\/div>\n\t\t\t\t<div class=\"elementor-column elementor-col-50 elementor-inner-column elementor-element elementor-element-c22dffe\" data-id=\"c22dffe\" data-element_type=\"column\" data-e-type=\"column\">\n\t\t\t<div class=\"elementor-widget-wrap\">\n\t\t\t\t\t\t\t<\/div>\n\t\t<\/div>\n\t\t\t\t\t<\/div>\n\t\t<\/section>\n\t\t\t\t\t<\/div>\n\t\t<\/div>\n\t\t\t\t\t<\/div>\n\t\t<\/section>\n\t\t\t\t<\/div>","protected":false},"excerpt":{"rendered":"<p>Gutschein \u201eVersand-Variante\u201c 39,99 \u20ac INKL. MWST. Du selbst bist aus Amberg-Sulzbach und m\u00f6chtest jemanden beschenken, der NICHT in Amberg-Sulzbach wohnt? Dann ist das der richtige Gutschein f\u00fcr dich! Du hast dich f\u00fcr den Gutschein \u201eVersand-Variante\u201c entschieden, d.h. die Einl\u00f6sung des Gutscheins erfolgt online \u00fcber unsere&#8230;<\/p>","protected":false},"author":1,"featured_media":0,"parent":0,"menu_order":6,"comment_status":"closed","ping_status":"closed","template":"","meta":{"_glsr_average":0,"_glsr_ranking":0,"_glsr_reviews":0,"footnotes":""},"class_list":["post-2170","page","type-page","status-publish","hentry"],"yoast_head":"<!-- This site is optimized with the Yoast SEO plugin v27.5 - https:\/\/yoast.com\/product\/yoast-seo-wordpress\/ -->\n<title>Gutschein Versand Variante - MARIMU<\/title>\n<meta name=\"description\" content=\"MARIMU ist eine individuelle Muttermilchcreme \u2013 hergestellt aus deiner eigenen Muttermilch!\" \/>\n<meta name=\"robots\" content=\"index, follow, max-snippet:-1, max-image-preview:large, max-video-preview:-1\" \/>\n<link rel=\"canonical\" href=\"https:\/\/marimu.de\/en\/gutschein-versand-variante\/\" \/>\n<meta property=\"og:locale\" content=\"en_GB\" \/>\n<meta property=\"og:type\" content=\"article\" \/>\n<meta property=\"og:title\" content=\"Gutschein Versand Variante - MARIMU\" \/>\n<meta property=\"og:description\" content=\"MARIMU ist eine individuelle Muttermilchcreme \u2013 hergestellt aus deiner eigenen Muttermilch!\" \/>\n<meta property=\"og:url\" content=\"https:\/\/marimu.de\/en\/gutschein-versand-variante\/\" \/>\n<meta property=\"og:site_name\" content=\"MARIMU\" \/>\n<meta property=\"article:publisher\" content=\"https:\/\/www.facebook.com\/marimu.muttermilchcreme\" \/>\n<meta property=\"article:modified_time\" content=\"2024-10-06T17:36:10+00:00\" \/>\n<meta property=\"og:image\" content=\"https:\/\/marimu.de\/wp-content\/uploads\/2024\/10\/Jetzt-kaufen_Vor-Ort_GutscheinVersand-1.jpg\" \/>\n<meta name=\"twitter:card\" content=\"summary_large_image\" \/>\n<meta name=\"twitter:label1\" content=\"Estimated reading time\" \/>\n\t<meta name=\"twitter:data1\" content=\"2 minutes\" \/>\n<script type=\"application\/ld+json\" class=\"yoast-schema-graph\">{\"@context\":\"https:\\\/\\\/schema.org\",\"@graph\":[{\"@type\":\"WebPage\",\"@id\":\"https:\\\/\\\/marimu.de\\\/gutschein-versand-variante\\\/\",\"url\":\"https:\\\/\\\/marimu.de\\\/gutschein-versand-variante\\\/\",\"name\":\"Gutschein Versand Variante - MARIMU\",\"isPartOf\":{\"@id\":\"https:\\\/\\\/marimu.de\\\/#website\"},\"primaryImageOfPage\":{\"@id\":\"https:\\\/\\\/marimu.de\\\/gutschein-versand-variante\\\/#primaryimage\"},\"image\":{\"@id\":\"https:\\\/\\\/marimu.de\\\/gutschein-versand-variante\\\/#primaryimage\"},\"thumbnailUrl\":\"https:\\\/\\\/marimu.de\\\/wp-content\\\/uploads\\\/2024\\\/10\\\/Jetzt-kaufen_Vor-Ort_GutscheinVersand-1.jpg\",\"datePublished\":\"2024-10-03T08:20:01+00:00\",\"dateModified\":\"2024-10-06T17:36:10+00:00\",\"description\":\"MARIMU ist eine individuelle Muttermilchcreme \u2013 hergestellt aus deiner eigenen Muttermilch!\",\"breadcrumb\":{\"@id\":\"https:\\\/\\\/marimu.de\\\/gutschein-versand-variante\\\/#breadcrumb\"},\"inLanguage\":\"en-GB\",\"potentialAction\":[{\"@type\":\"ReadAction\",\"target\":[\"https:\\\/\\\/marimu.de\\\/gutschein-versand-variante\\\/\"]}]},{\"@type\":\"ImageObject\",\"inLanguage\":\"en-GB\",\"@id\":\"https:\\\/\\\/marimu.de\\\/gutschein-versand-variante\\\/#primaryimage\",\"url\":\"https:\\\/\\\/marimu.de\\\/wp-content\\\/uploads\\\/2024\\\/10\\\/Jetzt-kaufen_Vor-Ort_GutscheinVersand-1.jpg\",\"contentUrl\":\"https:\\\/\\\/marimu.de\\\/wp-content\\\/uploads\\\/2024\\\/10\\\/Jetzt-kaufen_Vor-Ort_GutscheinVersand-1.jpg\"},{\"@type\":\"BreadcrumbList\",\"@id\":\"https:\\\/\\\/marimu.de\\\/gutschein-versand-variante\\\/#breadcrumb\",\"itemListElement\":[{\"@type\":\"ListItem\",\"position\":1,\"name\":\"Startseite\",\"item\":\"https:\\\/\\\/marimu.de\\\/\"},{\"@type\":\"ListItem\",\"position\":2,\"name\":\"Gutschein Versand Variante\"}]},{\"@type\":\"WebSite\",\"@id\":\"https:\\\/\\\/marimu.de\\\/#website\",\"url\":\"https:\\\/\\\/marimu.de\\\/\",\"name\":\"MARIMU\",\"description\":\"Das Beste f\u00fcr dein Kind\",\"publisher\":{\"@id\":\"https:\\\/\\\/marimu.de\\\/#organization\"},\"potentialAction\":[{\"@type\":\"SearchAction\",\"target\":{\"@type\":\"EntryPoint\",\"urlTemplate\":\"https:\\\/\\\/marimu.de\\\/?s={search_term_string}\"},\"query-input\":{\"@type\":\"PropertyValueSpecification\",\"valueRequired\":true,\"valueName\":\"search_term_string\"}}],\"inLanguage\":\"en-GB\"},{\"@type\":\"Organization\",\"@id\":\"https:\\\/\\\/marimu.de\\\/#organization\",\"name\":\"MARIMU \u2013 DAS BESTE F\u00dcR IHR KIND\",\"url\":\"https:\\\/\\\/marimu.de\\\/\",\"logo\":{\"@type\":\"ImageObject\",\"inLanguage\":\"en-GB\",\"@id\":\"https:\\\/\\\/marimu.de\\\/#\\\/schema\\\/logo\\\/image\\\/\",\"url\":\"https:\\\/\\\/marimu.de\\\/wp-content\\\/uploads\\\/2022\\\/09\\\/marimu_logo.jpg\",\"contentUrl\":\"https:\\\/\\\/marimu.de\\\/wp-content\\\/uploads\\\/2022\\\/09\\\/marimu_logo.jpg\",\"width\":250,\"height\":60,\"caption\":\"MARIMU \u2013 DAS BESTE F\u00dcR IHR KIND\"},\"image\":{\"@id\":\"https:\\\/\\\/marimu.de\\\/#\\\/schema\\\/logo\\\/image\\\/\"},\"sameAs\":[\"https:\\\/\\\/www.facebook.com\\\/marimu.muttermilchcreme\",\"https:\\\/\\\/www.instagram.com\\\/marimu.muttermilchcreme\\\/\"]}]}<\/script>\n<!-- \/ Yoast SEO plugin. -->","yoast_head_json":{"title":"Gutschein Versand Variante - MARIMU","description":"MARIMU is an individual breast milk cream - made from your own breast milk!","robots":{"index":"index","follow":"follow","max-snippet":"max-snippet:-1","max-image-preview":"max-image-preview:large","max-video-preview":"max-video-preview:-1"},"canonical":"https:\/\/marimu.de\/en\/gutschein-versand-variante\/","og_locale":"en_GB","og_type":"article","og_title":"Gutschein Versand Variante - MARIMU","og_description":"MARIMU ist eine individuelle Muttermilchcreme \u2013 hergestellt aus deiner eigenen Muttermilch!","og_url":"https:\/\/marimu.de\/en\/gutschein-versand-variante\/","og_site_name":"MARIMU","article_publisher":"https:\/\/www.facebook.com\/marimu.muttermilchcreme","article_modified_time":"2024-10-06T17:36:10+00:00","og_image":[{"url":"https:\/\/marimu.de\/wp-content\/uploads\/2024\/10\/Jetzt-kaufen_Vor-Ort_GutscheinVersand-1.jpg","type":"","width":"","height":""}],"twitter_card":"summary_large_image","twitter_misc":{"Estimated reading time":"2 minutes"},"schema":{"@context":"https:\/\/schema.org","@graph":[{"@type":"WebPage","@id":"https:\/\/marimu.de\/gutschein-versand-variante\/","url":"https:\/\/marimu.de\/gutschein-versand-variante\/","name":"Gutschein Versand Variante - MARIMU","isPartOf":{"@id":"https:\/\/marimu.de\/#website"},"primaryImageOfPage":{"@id":"https:\/\/marimu.de\/gutschein-versand-variante\/#primaryimage"},"image":{"@id":"https:\/\/marimu.de\/gutschein-versand-variante\/#primaryimage"},"thumbnailUrl":"https:\/\/marimu.de\/wp-content\/uploads\/2024\/10\/Jetzt-kaufen_Vor-Ort_GutscheinVersand-1.jpg","datePublished":"2024-10-03T08:20:01+00:00","dateModified":"2024-10-06T17:36:10+00:00","description":"MARIMU is an individual breast milk cream - made from your own breast milk!","breadcrumb":{"@id":"https:\/\/marimu.de\/gutschein-versand-variante\/#breadcrumb"},"inLanguage":"en-GB","potentialAction":[{"@type":"ReadAction","target":["https:\/\/marimu.de\/gutschein-versand-variante\/"]}]},{"@type":"ImageObject","inLanguage":"en-GB","@id":"https:\/\/marimu.de\/gutschein-versand-variante\/#primaryimage","url":"https:\/\/marimu.de\/wp-content\/uploads\/2024\/10\/Jetzt-kaufen_Vor-Ort_GutscheinVersand-1.jpg","contentUrl":"https:\/\/marimu.de\/wp-content\/uploads\/2024\/10\/Jetzt-kaufen_Vor-Ort_GutscheinVersand-1.jpg"},{"@type":"BreadcrumbList","@id":"https:\/\/marimu.de\/gutschein-versand-variante\/#breadcrumb","itemListElement":[{"@type":"ListItem","position":1,"name":"Startseite","item":"https:\/\/marimu.de\/"},{"@type":"ListItem","position":2,"name":"Gutschein Versand Variante"}]},{"@type":"WebSite","@id":"https:\/\/marimu.de\/#website","url":"https:\/\/marimu.de\/","name":"MARIMU","description":"Das Beste f\u00fcr dein Kind","publisher":{"@id":"https:\/\/marimu.de\/#organization"},"potentialAction":[{"@type":"SearchAction","target":{"@type":"EntryPoint","urlTemplate":"https:\/\/marimu.de\/?s={search_term_string}"},"query-input":{"@type":"PropertyValueSpecification","valueRequired":true,"valueName":"search_term_string"}}],"inLanguage":"en-GB"},{"@type":"Organization","@id":"https:\/\/marimu.de\/#organization","name":"MARIMU \u2013 DAS BESTE F\u00dcR IHR KIND","url":"https:\/\/marimu.de\/","logo":{"@type":"ImageObject","inLanguage":"en-GB","@id":"https:\/\/marimu.de\/#\/schema\/logo\/image\/","url":"https:\/\/marimu.de\/wp-content\/uploads\/2022\/09\/marimu_logo.jpg","contentUrl":"https:\/\/marimu.de\/wp-content\/uploads\/2022\/09\/marimu_logo.jpg","width":250,"height":60,"caption":"MARIMU \u2013 DAS BESTE F\u00dcR IHR KIND"},"image":{"@id":"https:\/\/marimu.de\/#\/schema\/logo\/image\/"},"sameAs":["https:\/\/www.facebook.com\/marimu.muttermilchcreme","https:\/\/www.instagram.com\/marimu.muttermilchcreme\/"]}]}},"_links":{"self":[{"href":"https:\/\/marimu.de\/en\/wp-json\/wp\/v2\/pages\/2170","targetHints":{"allow":["GET"]}}],"collection":[{"href":"https:\/\/marimu.de\/en\/wp-json\/wp\/v2\/pages"}],"about":[{"href":"https:\/\/marimu.de\/en\/wp-json\/wp\/v2\/types\/page"}],"author":[{"embeddable":true,"href":"https:\/\/marimu.de\/en\/wp-json\/wp\/v2\/users\/1"}],"replies":[{"embeddable":true,"href":"https:\/\/marimu.de\/en\/wp-json\/wp\/v2\/comments?post=2170"}],"version-history":[{"count":49,"href":"https:\/\/marimu.de\/en\/wp-json\/wp\/v2\/pages\/2170\/revisions"}],"predecessor-version":[{"id":2265,"href":"https:\/\/marimu.de\/en\/wp-json\/wp\/v2\/pages\/2170\/revisions\/2265"}],"wp:attachment":[{"href":"https:\/\/marimu.de\/en\/wp-json\/wp\/v2\/media?parent=2170"}],"curies":[{"name":"wp","href":"https:\/\/api.w.org\/{rel}","templated":true}]}}