{"id":454,"date":"2022-09-23T16:28:28","date_gmt":"2022-09-23T14:28:28","guid":{"rendered":"https:\/\/marimu.de\/?page_id=454"},"modified":"2024-10-02T19:37:40","modified_gmt":"2024-10-02T17:37:40","slug":"faq","status":"publish","type":"page","link":"https:\/\/marimu.de\/en\/faq\/","title":{"rendered":"FAQ"},"content":{"rendered":"\t\t<div data-elementor-type=\"wp-page\" data-elementor-id=\"454\" class=\"elementor elementor-454\">\n\t\t\t\t\t\t<section class=\"elementor-section elementor-top-section elementor-element elementor-element-6741781 elementor-section-full_width qode_elementor_container_inner elementor-section-height-default elementor-section-height-default parallax_section_no\" data-id=\"6741781\" data-element_type=\"section\" data-e-type=\"section\">\n\t\t\t\t\t\t<div class=\"elementor-container elementor-column-gap-no\">\n\t\t\t\t\t<div class=\"elementor-column elementor-col-100 elementor-top-column elementor-element elementor-element-295b544\" data-id=\"295b544\" data-element_type=\"column\" data-e-type=\"column\">\n\t\t\t<div class=\"elementor-widget-wrap elementor-element-populated\">\n\t\t\t\t\t\t<div class=\"elementor-element elementor-element-e3a8c2e elementor-widget elementor-widget-text-editor\" data-id=\"e3a8c2e\" data-element_type=\"widget\" data-e-type=\"widget\" data-widget_type=\"text-editor.default\">\n\t\t\t\t<div class=\"elementor-widget-container\">\n\t\t\t\t\t\t\t\t\t<h1 style=\"text-align: center;\"><span class=\"s1\">die Antworten auf die wichtigsten Fragen<\/span><\/h1>\t\t\t\t\t\t\t\t<\/div>\n\t\t\t\t<\/div>\n\t\t\t\t<div class=\"elementor-element elementor-element-6283afca elementor-widget-divider--view-line elementor-widget elementor-widget-divider\" data-id=\"6283afca\" data-element_type=\"widget\" data-e-type=\"widget\" data-widget_type=\"divider.default\">\n\t\t\t\t<div class=\"elementor-widget-container\">\n\t\t\t\t\t\t\t<div class=\"elementor-divider\">\n\t\t\t<span class=\"elementor-divider-separator\">\n\t\t\t\t\t\t<\/span>\n\t\t<\/div>\n\t\t\t\t\t\t<\/div>\n\t\t\t\t<\/div>\n\t\t\t\t<div class=\"elementor-element elementor-element-0c7cb0f elementor-widget elementor-widget-qi_addons_for_elementor_faq\" data-id=\"0c7cb0f\" data-element_type=\"widget\" data-e-type=\"widget\" data-widget_type=\"qi_addons_for_elementor_faq.default\">\n\t\t\t\t<div class=\"elementor-widget-container\">\n\t\t\t\t\t<div class=\"qodef-shortcode qodef-m qodef-qi-faq qodef-qi-clear qodef-behavior--accordion qodef-layout--simple qodef-style--standard\">\n\t<h3 class=\"qodef-e-title-holder\">\n\t<span class=\"qodef-e-title\">\n\t\t\t\tIst MARIMU unbedenklich f\u00fcr mein Kind?\t<\/span>\n\t\t<span class=\"qodef-e-mark\">\n\t\t<span class=\"qodef-icon--plus\">\n\t\t\t\t<span class=\"qodef-e-icon\">\n\t\t<i aria-hidden=\"true\" class=\"fas fa-plus\"><\/i>\t<\/span>\n\t\t\t<\/span>\n\t\t<span class=\"qodef-icon--minus\">\n\t\t\t\t<span class=\"qodef-e-icon\">\n\t\t<i aria-hidden=\"true\" class=\"fas fa-minus\"><\/i>\t<\/span>\n\t\t\t<\/span>\n\t<\/span>\n\t<\/h3>\n<div class=\"qodef-e-content\">\n\t<div class=\"qodef-e-content-inner\">\n\t\t<p class=\"p1\" style=\"text-align: left\">Ja, MARIMU ist vollkommen unbedenklich f\u00fcr dein Kind, selbst bei oraler Aufnahme. Bei der Auswahl der Inhaltsstoffe wurde sensibel darauf geachtet, dass alle Bestandteile f\u00fcr Babys vertr\u00e4glich und geeignet sind. Neben deiner Muttermilch verwenden wir nur Stoffe aus der Natur zur Herstellung von MARIMU.<span class=\"Apple-converted-space\">\u00a0<\/span><\/p>\t<\/div>\n<\/div>\n<h3 class=\"qodef-e-title-holder\">\n\t<span class=\"qodef-e-title\">\n\t\t\t\tWie ist MARIMU 6 Monate haltbar?\t<\/span>\n\t\t<span class=\"qodef-e-mark\">\n\t\t<span class=\"qodef-icon--plus\">\n\t\t\t\t<span class=\"qodef-e-icon\">\n\t\t<i aria-hidden=\"true\" class=\"fas fa-plus\"><\/i>\t<\/span>\n\t\t\t<\/span>\n\t\t<span class=\"qodef-icon--minus\">\n\t\t\t\t<span class=\"qodef-e-icon\">\n\t\t<i aria-hidden=\"true\" class=\"fas fa-minus\"><\/i>\t<\/span>\n\t\t\t<\/span>\n\t<\/span>\n\t<\/h3>\n<div class=\"qodef-e-content\">\n\t<div class=\"qodef-e-content-inner\">\n\t\t<p class=\"p1\">Einer der Inhaltsstoffe von MARIMU ist Kaliumsorbat, welches in der Natur in den unreifen Fr\u00fcchten der Eberesche vorkommt. In der P\u00e4diatrie (Kinderheilkunde) gilt Sorbins\u00e4ure bzw. Kaliumsorbat, das wasserl\u00f6sliche Kaliumsalz der Sorbins\u00e4ure, als Mittel der Wahl und wird in den meisten Kinderprodukten verwendet. Gegen\u00fcber anderen Mitteln unterliegt es keiner Altersgrenze und kann daher ab Geburt verwendet werden. Aufgrund der antimikrobiellen Wirkung von Kaliumsorbat ist MARIMU<span class=\"Apple-converted-space\">\u00a0 6<\/span>\u00a0Monate bei Raumtemperatur haltbar.<span class=\"s1\"><span class=\"Apple-converted-space\">\u00a0<\/span><\/span><\/p>\t<\/div>\n<\/div>\n<h3 class=\"qodef-e-title-holder\">\n\t<span class=\"qodef-e-title\">\n\t\t\t\tF\u00fcr welchen Zeitraum reicht eine MARIMU-Creme?\t<\/span>\n\t\t<span class=\"qodef-e-mark\">\n\t\t<span class=\"qodef-icon--plus\">\n\t\t\t\t<span class=\"qodef-e-icon\">\n\t\t<i aria-hidden=\"true\" class=\"fas fa-plus\"><\/i>\t<\/span>\n\t\t\t<\/span>\n\t\t<span class=\"qodef-icon--minus\">\n\t\t\t\t<span class=\"qodef-e-icon\">\n\t\t<i aria-hidden=\"true\" class=\"fas fa-minus\"><\/i>\t<\/span>\n\t\t\t<\/span>\n\t<\/span>\n\t<\/h3>\n<div class=\"qodef-e-content\">\n\t<div class=\"qodef-e-content-inner\">\n\t\t<p class=\"p1\">Dies kann nicht pauschal beantwortet werden, da es nat\u00fcrlich sehr auf die benutzte Menge und H\u00e4ufigkeit des Auftragens ankommt. Damit du jedoch einen Anhaltspunkt hast, haben wir dir ein paar Fakten zusammengeschrieben.<\/p><p>\u00a0<\/p><p class=\"p1\">Maximale H\u00fcbe: ca. 200 H\u00fcbe<\/p><p>\u00a0<\/p><p class=\"p1\">Notwendige Menge f\u00fcr Kratzer: \u00bc Hub <br \/>Notwendige Menge f\u00fcr Babygesicht: \u00bd - 1 Hub<\/p><p class=\"p1\">Notwendige Menge f\u00fcr den ganzen K\u00f6rper: 2 - 3 H\u00fcbe<\/p>\t<\/div>\n<\/div>\n<h3 class=\"qodef-e-title-holder\">\n\t<span class=\"qodef-e-title\">\n\t\t\t\tIch stille ausschlie\u00dflich und habe keine Milchpumpe zuhause, m\u00f6chte aber unbedingt MARIMU. Was soll ich tun?\t<\/span>\n\t\t<span class=\"qodef-e-mark\">\n\t\t<span class=\"qodef-icon--plus\">\n\t\t\t\t<span class=\"qodef-e-icon\">\n\t\t<i aria-hidden=\"true\" class=\"fas fa-plus\"><\/i>\t<\/span>\n\t\t\t<\/span>\n\t\t<span class=\"qodef-icon--minus\">\n\t\t\t\t<span class=\"qodef-e-icon\">\n\t\t<i aria-hidden=\"true\" class=\"fas fa-minus\"><\/i>\t<\/span>\n\t\t\t<\/span>\n\t<\/span>\n\t<\/h3>\n<div class=\"qodef-e-content\">\n\t<div class=\"qodef-e-content-inner\">\n\t\t<p class=\"p1\">Hier gibt es verschiedene M\u00f6glichkeiten, wie du zum Ziel gelangst:<span class=\"Apple-converted-space\">\u00a0<\/span><\/p><p>\u00a0<\/p><p class=\"p1\"><b>M\u00f6glichkeit 1: Milchpumpe leihen<\/b><\/p><p class=\"p1\">Gehe zu deinem Kinderarzt, Gyn\u00e4kologen oder Hausarzt und lasse dir eine Milchpumpe auf Rezept verordnen. Mit diesem gehst du in die Apotheke und leihst dir eine elektrische Milchpumpe + Abpumpzubeh\u00f6r aus.<\/p><p class=\"p1\">Wenn du deine Milchpumpe bereits zur\u00fcckgegeben hast, das Abpumpset aber noch hast, frag doch eine Freundin, ob sie dir ihre Pumpe f\u00fcr das einmalige Abpumpen zur Verf\u00fcgung stellt.<\/p><p>\u00a0<\/p><p class=\"p1\"><b>M\u00f6glichkeit 2: Brust ausstreichen<\/b><\/p><p class=\"p1\">Wenn f\u00fcr dich weder M\u00f6glichkeit 1 noch 2 interessant ist, kannst du die Milch auch aus der Brust ausstreichen. Dies ist etwas m\u00fchsamer, geht aber genauso.<span class=\"Apple-converted-space\">\u00a0<\/span><\/p>\t<\/div>\n<\/div>\n<h3 class=\"qodef-e-title-holder\">\n\t<span class=\"qodef-e-title\">\n\t\t\t\tKann ich auch \u00e4ltere Muttermilch aus dem Gefrierschrank f\u00fcr die Herstellung von MARIMU verwenden und darf diese auch schon l\u00e4nger als 6 Monate gefroren sein?\t<\/span>\n\t\t<span class=\"qodef-e-mark\">\n\t\t<span class=\"qodef-icon--plus\">\n\t\t\t\t<span class=\"qodef-e-icon\">\n\t\t<i aria-hidden=\"true\" class=\"fas fa-plus\"><\/i>\t<\/span>\n\t\t\t<\/span>\n\t\t<span class=\"qodef-icon--minus\">\n\t\t\t\t<span class=\"qodef-e-icon\">\n\t\t<i aria-hidden=\"true\" class=\"fas fa-minus\"><\/i>\t<\/span>\n\t\t\t<\/span>\n\t<\/span>\n\t<\/h3>\n<div class=\"qodef-e-content\">\n\t<div class=\"qodef-e-content-inner\">\n\t\t<p class=\"p1\">Je frischer die Milch ist, desto besser, da frisch abgepumpte Milch optimal an die aktuellen Bed\u00fcrfnisse deines Kindes angepasst ist. Jedoch ist es nat\u00fcrlich auch m\u00f6glich \u00e4ltere Muttermilch aus dem Gefrierschrank zu verwenden. Diese darf sogar \u00e4lter als 6 Monate sein, da nur die orale Gabe nach 6 Monaten im Gefrierschrank nicht mehr empfohlen wird. Zur kutanen Anwendung ist<span class=\"Apple-converted-space\"> die Muttermilch weiterhin nutzbar.<\/span><\/p>\t<\/div>\n<\/div>\n<h3 class=\"qodef-e-title-holder\">\n\t<span class=\"qodef-e-title\">\n\t\t\t\tWenn ich wenig Muttermilch habe, kann ich die ben\u00f6tigte Menge (25 ml) an Muttermilch aus verschiedenen Gewinnungszeitpunkten zusammengeben?\t<\/span>\n\t\t<span class=\"qodef-e-mark\">\n\t\t<span class=\"qodef-icon--plus\">\n\t\t\t\t<span class=\"qodef-e-icon\">\n\t\t<i aria-hidden=\"true\" class=\"fas fa-plus\"><\/i>\t<\/span>\n\t\t\t<\/span>\n\t\t<span class=\"qodef-icon--minus\">\n\t\t\t\t<span class=\"qodef-e-icon\">\n\t\t<i aria-hidden=\"true\" class=\"fas fa-minus\"><\/i>\t<\/span>\n\t\t\t<\/span>\n\t<\/span>\n\t<\/h3>\n<div class=\"qodef-e-content\">\n\t<div class=\"qodef-e-content-inner\">\n\t\t<p class=\"p1\">Ja, das geht nat\u00fcrlich. Auch hier gilt: Je frischer die Milch, desto besser.<\/p>\t<\/div>\n<\/div>\n<\/div>\n\t<script type=\"application\/ld+json\">{\"@context\":\"https:\\\/\\\/schema.org\",\"@type\":\"FAQPage\",\"mainEntity\":[{\"@type\":\"Question\",\"name\":\"Ist MARIMU unbedenklich f\\u00fcr mein Kind?\",\"acceptedAnswer\":{\"@type\":\"Answer\",\"text\":\"<p class=\\\"p1\\\" style=\\\"text-align: left\\\">Ja, MARIMU ist vollkommen unbedenklich f\\u00fcr dein Kind, selbst bei oraler Aufnahme. Bei der Auswahl der Inhaltsstoffe wurde sensibel darauf geachtet, dass alle Bestandteile f\\u00fcr Babys vertr\\u00e4glich und geeignet sind. Neben deiner Muttermilch verwenden wir nur Stoffe aus der Natur zur Herstellung von MARIMU.<span class=\\\"Apple-converted-space\\\">\\u00a0<\\\/span><\\\/p>\"}},{\"@type\":\"Question\",\"name\":\"Wie ist MARIMU 6 Monate haltbar?\",\"acceptedAnswer\":{\"@type\":\"Answer\",\"text\":\"<p class=\\\"p1\\\">Einer der Inhaltsstoffe von MARIMU ist Kaliumsorbat, welches in der Natur in den unreifen Fr\\u00fcchten der Eberesche vorkommt. In der P\\u00e4diatrie (Kinderheilkunde) gilt Sorbins\\u00e4ure bzw. Kaliumsorbat, das wasserl\\u00f6sliche Kaliumsalz der Sorbins\\u00e4ure, als Mittel der Wahl und wird in den meisten Kinderprodukten verwendet. Gegen\\u00fcber anderen Mitteln unterliegt es keiner Altersgrenze und kann daher ab Geburt verwendet werden. Aufgrund der antimikrobiellen Wirkung von Kaliumsorbat ist MARIMU<span class=\\\"Apple-converted-space\\\">\\u00a0 6<\\\/span>\\u00a0Monate bei Raumtemperatur haltbar.<span class=\\\"s1\\\"><span class=\\\"Apple-converted-space\\\">\\u00a0<\\\/span><\\\/span><\\\/p>\"}},{\"@type\":\"Question\",\"name\":\"F\\u00fcr welchen Zeitraum reicht eine MARIMU-Creme?\",\"acceptedAnswer\":{\"@type\":\"Answer\",\"text\":\"<p class=\\\"p1\\\">Dies kann nicht pauschal beantwortet werden, da es nat\\u00fcrlich sehr auf die benutzte Menge und H\\u00e4ufigkeit des Auftragens ankommt. Damit du jedoch einen Anhaltspunkt hast, haben wir dir ein paar Fakten zusammengeschrieben.<\\\/p><p>\\u00a0<\\\/p><p class=\\\"p1\\\">Maximale H\\u00fcbe: ca. 200 H\\u00fcbe<\\\/p><p>\\u00a0<\\\/p><p class=\\\"p1\\\">Notwendige Menge f\\u00fcr Kratzer: \\u00bc Hub <br \\\/>Notwendige Menge f\\u00fcr Babygesicht: \\u00bd - 1 Hub<\\\/p><p class=\\\"p1\\\">Notwendige Menge f\\u00fcr den ganzen K\\u00f6rper: 2 - 3 H\\u00fcbe<\\\/p>\"}},{\"@type\":\"Question\",\"name\":\"Ich stille ausschlie\\u00dflich und habe keine Milchpumpe zuhause, m\\u00f6chte aber unbedingt MARIMU. Was soll ich tun?\",\"acceptedAnswer\":{\"@type\":\"Answer\",\"text\":\"<p class=\\\"p1\\\">Hier gibt es verschiedene M\\u00f6glichkeiten, wie du zum Ziel gelangst:<span class=\\\"Apple-converted-space\\\">\\u00a0<\\\/span><\\\/p><p>\\u00a0<\\\/p><p class=\\\"p1\\\"><b>M\\u00f6glichkeit 1: Milchpumpe leihen<\\\/b><\\\/p><p class=\\\"p1\\\">Gehe zu deinem Kinderarzt, Gyn\\u00e4kologen oder Hausarzt und lasse dir eine Milchpumpe auf Rezept verordnen. Mit diesem gehst du in die Apotheke und leihst dir eine elektrische Milchpumpe + Abpumpzubeh\\u00f6r aus.<\\\/p><p class=\\\"p1\\\">Wenn du deine Milchpumpe bereits zur\\u00fcckgegeben hast, das Abpumpset aber noch hast, frag doch eine Freundin, ob sie dir ihre Pumpe f\\u00fcr das einmalige Abpumpen zur Verf\\u00fcgung stellt.<\\\/p><p>\\u00a0<\\\/p><p class=\\\"p1\\\"><b>M\\u00f6glichkeit 2: Brust ausstreichen<\\\/b><\\\/p><p class=\\\"p1\\\">Wenn f\\u00fcr dich weder M\\u00f6glichkeit 1 noch 2 interessant ist, kannst du die Milch auch aus der Brust ausstreichen. Dies ist etwas m\\u00fchsamer, geht aber genauso.<span class=\\\"Apple-converted-space\\\">\\u00a0<\\\/span><\\\/p>\"}},{\"@type\":\"Question\",\"name\":\"Kann ich auch \\u00e4ltere Muttermilch aus dem Gefrierschrank f\\u00fcr die Herstellung von MARIMU verwenden und darf diese auch schon l\\u00e4nger als 6 Monate gefroren sein?\",\"acceptedAnswer\":{\"@type\":\"Answer\",\"text\":\"<p class=\\\"p1\\\">Je frischer die Milch ist, desto besser, da frisch abgepumpte Milch optimal an die aktuellen Bed\\u00fcrfnisse deines Kindes angepasst ist. Jedoch ist es nat\\u00fcrlich auch m\\u00f6glich \\u00e4ltere Muttermilch aus dem Gefrierschrank zu verwenden. Diese darf sogar \\u00e4lter als 6 Monate sein, da nur die orale Gabe nach 6 Monaten im Gefrierschrank nicht mehr empfohlen wird. Zur kutanen Anwendung ist<span class=\\\"Apple-converted-space\\\"> die Muttermilch weiterhin nutzbar.<\\\/span><\\\/p>\"}},{\"@type\":\"Question\",\"name\":\"Wenn ich wenig Muttermilch habe, kann ich die ben\\u00f6tigte Menge (25 ml) an Muttermilch aus verschiedenen Gewinnungszeitpunkten zusammengeben?\",\"acceptedAnswer\":{\"@type\":\"Answer\",\"text\":\"<p class=\\\"p1\\\">Ja, das geht nat\\u00fcrlich. Auch hier gilt: Je frischer die Milch, desto besser.<\\\/p>\"}}]}<\/script>\n\t\t\t\t<\/div>\n\t\t\t\t<\/div>\n\t\t\t\t\t<\/div>\n\t\t<\/div>\n\t\t\t\t\t<\/div>\n\t\t<\/section>\n\t\t\t\t<\/div>\n\t\t","protected":false},"excerpt":{"rendered":"<p>die Antworten auf die wichtigsten Fragen Ist MARIMU unbedenklich f\u00fcr mein Kind? Ja, MARIMU ist vollkommen unbedenklich f\u00fcr dein Kind, selbst bei oraler Aufnahme. Bei der Auswahl der Inhaltsstoffe wurde sensibel darauf geachtet, dass alle Bestandteile f\u00fcr Babys vertr\u00e4glich und geeignet sind. Neben deiner Muttermilch&#8230;<\/p>","protected":false},"author":1,"featured_media":0,"parent":0,"menu_order":10,"comment_status":"closed","ping_status":"closed","template":"","meta":{"_glsr_average":0,"_glsr_ranking":0,"_glsr_reviews":0,"footnotes":""},"class_list":["post-454","page","type-page","status-publish","hentry"],"yoast_head":"<!-- This site is optimized with the Yoast SEO plugin v27.5 - https:\/\/yoast.com\/product\/yoast-seo-wordpress\/ -->\n<title>FAQ - MARIMU<\/title>\n<meta name=\"description\" content=\"MARIMU ist eine individuelle Muttermilchcreme \u2013 hergestellt aus deiner eigenen Muttermilch!\" \/>\n<meta name=\"robots\" content=\"index, follow, max-snippet:-1, max-image-preview:large, max-video-preview:-1\" \/>\n<link rel=\"canonical\" href=\"https:\/\/marimu.de\/en\/faq\/\" \/>\n<meta property=\"og:locale\" content=\"en_GB\" \/>\n<meta property=\"og:type\" content=\"article\" \/>\n<meta property=\"og:title\" content=\"FAQ - MARIMU\" \/>\n<meta property=\"og:description\" content=\"MARIMU ist eine individuelle Muttermilchcreme \u2013 hergestellt aus deiner eigenen Muttermilch!\" \/>\n<meta property=\"og:url\" content=\"https:\/\/marimu.de\/en\/faq\/\" \/>\n<meta property=\"og:site_name\" content=\"MARIMU\" \/>\n<meta property=\"article:publisher\" content=\"https:\/\/www.facebook.com\/marimu.muttermilchcreme\" \/>\n<meta property=\"article:modified_time\" content=\"2024-10-02T17:37:40+00:00\" \/>\n<meta name=\"twitter:card\" content=\"summary_large_image\" \/>\n<meta name=\"twitter:label1\" content=\"Estimated reading time\" \/>\n\t<meta name=\"twitter:data1\" content=\"3 minutes\" \/>\n<script type=\"application\/ld+json\" class=\"yoast-schema-graph\">{\"@context\":\"https:\\\/\\\/schema.org\",\"@graph\":[{\"@type\":\"WebPage\",\"@id\":\"https:\\\/\\\/marimu.de\\\/faq\\\/\",\"url\":\"https:\\\/\\\/marimu.de\\\/faq\\\/\",\"name\":\"FAQ - MARIMU\",\"isPartOf\":{\"@id\":\"https:\\\/\\\/marimu.de\\\/#website\"},\"datePublished\":\"2022-09-23T14:28:28+00:00\",\"dateModified\":\"2024-10-02T17:37:40+00:00\",\"description\":\"MARIMU ist eine individuelle Muttermilchcreme \u2013 hergestellt aus deiner eigenen Muttermilch!\",\"breadcrumb\":{\"@id\":\"https:\\\/\\\/marimu.de\\\/faq\\\/#breadcrumb\"},\"inLanguage\":\"en-GB\",\"potentialAction\":[{\"@type\":\"ReadAction\",\"target\":[\"https:\\\/\\\/marimu.de\\\/faq\\\/\"]}]},{\"@type\":\"BreadcrumbList\",\"@id\":\"https:\\\/\\\/marimu.de\\\/faq\\\/#breadcrumb\",\"itemListElement\":[{\"@type\":\"ListItem\",\"position\":1,\"name\":\"Startseite\",\"item\":\"https:\\\/\\\/marimu.de\\\/\"},{\"@type\":\"ListItem\",\"position\":2,\"name\":\"FAQ\"}]},{\"@type\":\"WebSite\",\"@id\":\"https:\\\/\\\/marimu.de\\\/#website\",\"url\":\"https:\\\/\\\/marimu.de\\\/\",\"name\":\"MARIMU\",\"description\":\"Das Beste f\u00fcr dein Kind\",\"publisher\":{\"@id\":\"https:\\\/\\\/marimu.de\\\/#organization\"},\"potentialAction\":[{\"@type\":\"SearchAction\",\"target\":{\"@type\":\"EntryPoint\",\"urlTemplate\":\"https:\\\/\\\/marimu.de\\\/?s={search_term_string}\"},\"query-input\":{\"@type\":\"PropertyValueSpecification\",\"valueRequired\":true,\"valueName\":\"search_term_string\"}}],\"inLanguage\":\"en-GB\"},{\"@type\":\"Organization\",\"@id\":\"https:\\\/\\\/marimu.de\\\/#organization\",\"name\":\"MARIMU \u2013 DAS BESTE F\u00dcR IHR KIND\",\"url\":\"https:\\\/\\\/marimu.de\\\/\",\"logo\":{\"@type\":\"ImageObject\",\"inLanguage\":\"en-GB\",\"@id\":\"https:\\\/\\\/marimu.de\\\/#\\\/schema\\\/logo\\\/image\\\/\",\"url\":\"https:\\\/\\\/marimu.de\\\/wp-content\\\/uploads\\\/2022\\\/09\\\/marimu_logo.jpg\",\"contentUrl\":\"https:\\\/\\\/marimu.de\\\/wp-content\\\/uploads\\\/2022\\\/09\\\/marimu_logo.jpg\",\"width\":250,\"height\":60,\"caption\":\"MARIMU \u2013 DAS BESTE F\u00dcR IHR KIND\"},\"image\":{\"@id\":\"https:\\\/\\\/marimu.de\\\/#\\\/schema\\\/logo\\\/image\\\/\"},\"sameAs\":[\"https:\\\/\\\/www.facebook.com\\\/marimu.muttermilchcreme\",\"https:\\\/\\\/www.instagram.com\\\/marimu.muttermilchcreme\\\/\"]}]}<\/script>\n<!-- \/ Yoast SEO plugin. -->","yoast_head_json":{"title":"FAQ - MARIMU","description":"MARIMU is an individual breast milk cream - made from your own breast milk!","robots":{"index":"index","follow":"follow","max-snippet":"max-snippet:-1","max-image-preview":"max-image-preview:large","max-video-preview":"max-video-preview:-1"},"canonical":"https:\/\/marimu.de\/en\/faq\/","og_locale":"en_GB","og_type":"article","og_title":"FAQ - MARIMU","og_description":"MARIMU ist eine individuelle Muttermilchcreme \u2013 hergestellt aus deiner eigenen Muttermilch!","og_url":"https:\/\/marimu.de\/en\/faq\/","og_site_name":"MARIMU","article_publisher":"https:\/\/www.facebook.com\/marimu.muttermilchcreme","article_modified_time":"2024-10-02T17:37:40+00:00","twitter_card":"summary_large_image","twitter_misc":{"Estimated reading time":"3 minutes"},"schema":{"@context":"https:\/\/schema.org","@graph":[{"@type":"WebPage","@id":"https:\/\/marimu.de\/faq\/","url":"https:\/\/marimu.de\/faq\/","name":"FAQ - MARIMU","isPartOf":{"@id":"https:\/\/marimu.de\/#website"},"datePublished":"2022-09-23T14:28:28+00:00","dateModified":"2024-10-02T17:37:40+00:00","description":"MARIMU is an individual breast milk cream - made from your own breast milk!","breadcrumb":{"@id":"https:\/\/marimu.de\/faq\/#breadcrumb"},"inLanguage":"en-GB","potentialAction":[{"@type":"ReadAction","target":["https:\/\/marimu.de\/faq\/"]}]},{"@type":"BreadcrumbList","@id":"https:\/\/marimu.de\/faq\/#breadcrumb","itemListElement":[{"@type":"ListItem","position":1,"name":"Startseite","item":"https:\/\/marimu.de\/"},{"@type":"ListItem","position":2,"name":"FAQ"}]},{"@type":"WebSite","@id":"https:\/\/marimu.de\/#website","url":"https:\/\/marimu.de\/","name":"MARIMU","description":"Das Beste f\u00fcr dein Kind","publisher":{"@id":"https:\/\/marimu.de\/#organization"},"potentialAction":[{"@type":"SearchAction","target":{"@type":"EntryPoint","urlTemplate":"https:\/\/marimu.de\/?s={search_term_string}"},"query-input":{"@type":"PropertyValueSpecification","valueRequired":true,"valueName":"search_term_string"}}],"inLanguage":"en-GB"},{"@type":"Organization","@id":"https:\/\/marimu.de\/#organization","name":"MARIMU \u2013 DAS BESTE F\u00dcR IHR KIND","url":"https:\/\/marimu.de\/","logo":{"@type":"ImageObject","inLanguage":"en-GB","@id":"https:\/\/marimu.de\/#\/schema\/logo\/image\/","url":"https:\/\/marimu.de\/wp-content\/uploads\/2022\/09\/marimu_logo.jpg","contentUrl":"https:\/\/marimu.de\/wp-content\/uploads\/2022\/09\/marimu_logo.jpg","width":250,"height":60,"caption":"MARIMU \u2013 DAS BESTE F\u00dcR IHR KIND"},"image":{"@id":"https:\/\/marimu.de\/#\/schema\/logo\/image\/"},"sameAs":["https:\/\/www.facebook.com\/marimu.muttermilchcreme","https:\/\/www.instagram.com\/marimu.muttermilchcreme\/"]}]}},"_links":{"self":[{"href":"https:\/\/marimu.de\/en\/wp-json\/wp\/v2\/pages\/454","targetHints":{"allow":["GET"]}}],"collection":[{"href":"https:\/\/marimu.de\/en\/wp-json\/wp\/v2\/pages"}],"about":[{"href":"https:\/\/marimu.de\/en\/wp-json\/wp\/v2\/types\/page"}],"author":[{"embeddable":true,"href":"https:\/\/marimu.de\/en\/wp-json\/wp\/v2\/users\/1"}],"replies":[{"embeddable":true,"href":"https:\/\/marimu.de\/en\/wp-json\/wp\/v2\/comments?post=454"}],"version-history":[{"count":135,"href":"https:\/\/marimu.de\/en\/wp-json\/wp\/v2\/pages\/454\/revisions"}],"predecessor-version":[{"id":2104,"href":"https:\/\/marimu.de\/en\/wp-json\/wp\/v2\/pages\/454\/revisions\/2104"}],"wp:attachment":[{"href":"https:\/\/marimu.de\/en\/wp-json\/wp\/v2\/media?parent=454"}],"curies":[{"name":"wp","href":"https:\/\/api.w.org\/{rel}","templated":true}]}}