{"id":1164,"date":"2022-09-25T11:56:17","date_gmt":"2022-09-25T09:56:17","guid":{"rendered":"https:\/\/marimu.de\/?post_type=product&#038;p=1164"},"modified":"2024-10-06T19:56:09","modified_gmt":"2024-10-06T17:56:09","slug":"gutschein-vor-ort","status":"publish","type":"product","link":"https:\/\/marimu.de\/en\/product\/gutschein-vor-ort\/","title":{"rendered":"Voucher \"On Site\""},"content":{"rendered":"","protected":false},"excerpt":{"rendered":"<p class=\"translation-block\"><strong>You<\/strong> are <strong><u>NOT<\/u><\/strong> from <strong>Amberg-Sulzbach<\/strong> and would like to give a gift to <strong>someone<\/strong> who <strong>lives in Amberg-Sulzbach<\/strong>? Then this is the right voucher for you!<\/p>\n<p>&nbsp;<\/p>\n<p class=\"translation-block\">You have chosen the <strong>voucher \u201con-site variant\u201d<\/strong>, which means that the voucher can be redeemed and the MARIMU dispenser picked up in person on site <strong>in one of our 4 K\u00e4fer pharmacies.<\/strong><\/p>\n<p>&nbsp;<\/p>\n<p class=\"translation-block\">You will receive our high-quality <strong>voucher<\/strong> from us <strong>by post<\/strong>!<\/p>\n<p>&nbsp;<\/p>\n<p>_____________________<\/p>\n<p>&nbsp;<\/p>\n<p>The person receiving the gift does not live in Amberg-Sulzbach or the surrounding area?<\/p>\n<p>&nbsp;<\/p>\n<p class=\"translation-block\">Then you should choose the <strong><a href=\"https:\/\/marimu.de\/en\/product\/gutschein-versand\/\" target=\"_self\">voucher \"Shipping variant\"<\/a><\/strong>! <br>\nThis means that the recipient can order their MARIMU dispenser themselves via our web shop and pay directly in the shopping cart using the voucher code (located on the voucher) (enter it in the \u201cVoucher Code\u201d field). We will then send the recipient our MARIMU dispenser as well as all utensils and the manufacturing instructions by post directly to the address provided.<\/p>","protected":false},"featured_media":2255,"template":"","meta":{"_glsr_average":0,"_glsr_ranking":0,"_glsr_reviews":0},"product_brand":[],"product_cat":[33],"product_tag":[],"class_list":{"0":"post-1164","1":"product","2":"type-product","3":"status-publish","4":"has-post-thumbnail","6":"product_cat-gutscheine","7":"product_shipping_class-gutscheine","9":"first","10":"instock","11":"taxable","12":"shipping-taxable","13":"purchasable","14":"product-type-simple"},"yoast_head":"<!-- This site is optimized with the Yoast SEO plugin v27.5 - https:\/\/yoast.com\/product\/yoast-seo-wordpress\/ -->\n<title>Gutschein &quot;Vor-Ort-Variante&quot; - MARIMU<\/title>\n<meta name=\"robots\" content=\"index, follow, max-snippet:-1, max-image-preview:large, max-video-preview:-1\" \/>\n<link rel=\"canonical\" href=\"https:\/\/marimu.de\/en\/product\/gutschein-vor-ort\/\" \/>\n<meta property=\"og:locale\" content=\"en_GB\" \/>\n<meta property=\"og:type\" content=\"article\" \/>\n<meta property=\"og:title\" content=\"Gutschein &quot;Vor-Ort-Variante&quot; - MARIMU\" \/>\n<meta property=\"og:description\" content=\"Du selbst bist NICHT\u00a0aus Amberg-Sulzbach und m\u00f6chtest jemanden beschenken, der in Amberg-Sulzbach wohnt? Dann ist das der richtige Gutschein f\u00fcr dich!  &nbsp;  Du hast dich f\u00fcr den Gutschein \u201eVor-Ort-Variante\u201c entschieden, d.h. die Einl\u00f6sung des Gutscheins und die Abholung des MARIMU-Spenders erfolgt pers\u00f6nlich vor Ort in einer unserer 4 K\u00e4fer-Apotheken.  &nbsp;  Unseren hochwertig gestalteten\u00a0Gutschein\u00a0erh\u00e4ltst du von uns\u00a0per Post\u00a0zugeschickt!  &nbsp;  _____________________  &nbsp;  Die beschenkte Person wohnt nicht in Amberg-Sulzbach oder n\u00e4herer Umgebung?  &nbsp;  Dann solltest du lieber den\u00a0Gutschein \u201eVersand-Variante\u201c w\u00e4hlen! Damit kann die beschenkte Person ihren MARIMU-Spender selbst \u00fcber unseren Webshop bestellen und mithilfe des Gutscheincodes (befindet sich auf dem Gutschein) direkt im Warenkorb (Eingabe in das Feld \u201eGutschein Code\u201c) bezahlen. Anschlie\u00dfend schicken wir der beschenkten Person unseren MARIMU-Spender sowie alle Utensilien und die Herstellungsanleitung per Post direkt an die angegebene Adresse.\" \/>\n<meta property=\"og:url\" content=\"https:\/\/marimu.de\/en\/product\/gutschein-vor-ort\/\" \/>\n<meta property=\"og:site_name\" content=\"MARIMU\" \/>\n<meta property=\"article:publisher\" content=\"https:\/\/www.facebook.com\/marimu.muttermilchcreme\" \/>\n<meta property=\"article:modified_time\" content=\"2024-10-06T17:56:09+00:00\" \/>\n<meta property=\"og:image\" content=\"https:\/\/marimu.de\/wp-content\/uploads\/2022\/09\/Jetzt-kaufen_Online_GutscheinVorOrt-1.jpg\" \/>\n\t<meta property=\"og:image:width\" content=\"540\" \/>\n\t<meta property=\"og:image:height\" content=\"540\" \/>\n\t<meta property=\"og:image:type\" content=\"image\/jpeg\" \/>\n<meta name=\"twitter:card\" content=\"summary_large_image\" \/>\n<meta name=\"twitter:label1\" content=\"Estimated reading time\" \/>\n\t<meta name=\"twitter:data1\" content=\"1 minute\" \/>\n<script type=\"application\/ld+json\" class=\"yoast-schema-graph\">{\"@context\":\"https:\\\/\\\/schema.org\",\"@graph\":[{\"@type\":\"WebPage\",\"@id\":\"https:\\\/\\\/marimu.de\\\/produkt\\\/gutschein-vor-ort\\\/\",\"url\":\"https:\\\/\\\/marimu.de\\\/produkt\\\/gutschein-vor-ort\\\/\",\"name\":\"Gutschein \\\"Vor-Ort-Variante\\\" - MARIMU\",\"isPartOf\":{\"@id\":\"https:\\\/\\\/marimu.de\\\/#website\"},\"primaryImageOfPage\":{\"@id\":\"https:\\\/\\\/marimu.de\\\/produkt\\\/gutschein-vor-ort\\\/#primaryimage\"},\"image\":{\"@id\":\"https:\\\/\\\/marimu.de\\\/produkt\\\/gutschein-vor-ort\\\/#primaryimage\"},\"thumbnailUrl\":\"https:\\\/\\\/marimu.de\\\/wp-content\\\/uploads\\\/2022\\\/09\\\/Jetzt-kaufen_Online_GutscheinVorOrt-1.jpg\",\"datePublished\":\"2022-09-25T09:56:17+00:00\",\"dateModified\":\"2024-10-06T17:56:09+00:00\",\"breadcrumb\":{\"@id\":\"https:\\\/\\\/marimu.de\\\/produkt\\\/gutschein-vor-ort\\\/#breadcrumb\"},\"inLanguage\":\"en-GB\",\"potentialAction\":[{\"@type\":\"ReadAction\",\"target\":[\"https:\\\/\\\/marimu.de\\\/produkt\\\/gutschein-vor-ort\\\/\"]}]},{\"@type\":\"ImageObject\",\"inLanguage\":\"en-GB\",\"@id\":\"https:\\\/\\\/marimu.de\\\/produkt\\\/gutschein-vor-ort\\\/#primaryimage\",\"url\":\"https:\\\/\\\/marimu.de\\\/wp-content\\\/uploads\\\/2022\\\/09\\\/Jetzt-kaufen_Online_GutscheinVorOrt-1.jpg\",\"contentUrl\":\"https:\\\/\\\/marimu.de\\\/wp-content\\\/uploads\\\/2022\\\/09\\\/Jetzt-kaufen_Online_GutscheinVorOrt-1.jpg\",\"width\":540,\"height\":540},{\"@type\":\"BreadcrumbList\",\"@id\":\"https:\\\/\\\/marimu.de\\\/produkt\\\/gutschein-vor-ort\\\/#breadcrumb\",\"itemListElement\":[{\"@type\":\"ListItem\",\"position\":1,\"name\":\"Startseite\",\"item\":\"https:\\\/\\\/marimu.de\\\/\"},{\"@type\":\"ListItem\",\"position\":2,\"name\":\"Shop_alt\",\"item\":\"https:\\\/\\\/marimu.de\\\/?page_id=32\"},{\"@type\":\"ListItem\",\"position\":3,\"name\":\"Gutschein &#8222;Vor-Ort-Variante&#8220;\"}]},{\"@type\":\"WebSite\",\"@id\":\"https:\\\/\\\/marimu.de\\\/#website\",\"url\":\"https:\\\/\\\/marimu.de\\\/\",\"name\":\"MARIMU\",\"description\":\"Das Beste f\u00fcr dein Kind\",\"publisher\":{\"@id\":\"https:\\\/\\\/marimu.de\\\/#organization\"},\"potentialAction\":[{\"@type\":\"SearchAction\",\"target\":{\"@type\":\"EntryPoint\",\"urlTemplate\":\"https:\\\/\\\/marimu.de\\\/?s={search_term_string}\"},\"query-input\":{\"@type\":\"PropertyValueSpecification\",\"valueRequired\":true,\"valueName\":\"search_term_string\"}}],\"inLanguage\":\"en-GB\"},{\"@type\":\"Organization\",\"@id\":\"https:\\\/\\\/marimu.de\\\/#organization\",\"name\":\"MARIMU \u2013 DAS BESTE F\u00dcR IHR KIND\",\"url\":\"https:\\\/\\\/marimu.de\\\/\",\"logo\":{\"@type\":\"ImageObject\",\"inLanguage\":\"en-GB\",\"@id\":\"https:\\\/\\\/marimu.de\\\/#\\\/schema\\\/logo\\\/image\\\/\",\"url\":\"https:\\\/\\\/marimu.de\\\/wp-content\\\/uploads\\\/2022\\\/09\\\/marimu_logo.jpg\",\"contentUrl\":\"https:\\\/\\\/marimu.de\\\/wp-content\\\/uploads\\\/2022\\\/09\\\/marimu_logo.jpg\",\"width\":250,\"height\":60,\"caption\":\"MARIMU \u2013 DAS BESTE F\u00dcR IHR KIND\"},\"image\":{\"@id\":\"https:\\\/\\\/marimu.de\\\/#\\\/schema\\\/logo\\\/image\\\/\"},\"sameAs\":[\"https:\\\/\\\/www.facebook.com\\\/marimu.muttermilchcreme\",\"https:\\\/\\\/www.instagram.com\\\/marimu.muttermilchcreme\\\/\"]}]}<\/script>\n<!-- \/ Yoast SEO plugin. -->","yoast_head_json":{"title":"Gutschein \"Vor-Ort-Variante\" - MARIMU","robots":{"index":"index","follow":"follow","max-snippet":"max-snippet:-1","max-image-preview":"max-image-preview:large","max-video-preview":"max-video-preview:-1"},"canonical":"https:\/\/marimu.de\/en\/product\/gutschein-vor-ort\/","og_locale":"en_GB","og_type":"article","og_title":"Gutschein \"Vor-Ort-Variante\" - MARIMU","og_description":"Du selbst bist NICHT\u00a0aus Amberg-Sulzbach und m\u00f6chtest jemanden beschenken, der in Amberg-Sulzbach wohnt? Dann ist das der richtige Gutschein f\u00fcr dich!  &nbsp;  Du hast dich f\u00fcr den Gutschein \u201eVor-Ort-Variante\u201c entschieden, d.h. die Einl\u00f6sung des Gutscheins und die Abholung des MARIMU-Spenders erfolgt pers\u00f6nlich vor Ort in einer unserer 4 K\u00e4fer-Apotheken.  &nbsp;  Unseren hochwertig gestalteten\u00a0Gutschein\u00a0erh\u00e4ltst du von uns\u00a0per Post\u00a0zugeschickt!  &nbsp;  _____________________  &nbsp;  Die beschenkte Person wohnt nicht in Amberg-Sulzbach oder n\u00e4herer Umgebung?  &nbsp;  Dann solltest du lieber den\u00a0Gutschein \u201eVersand-Variante\u201c w\u00e4hlen! Damit kann die beschenkte Person ihren MARIMU-Spender selbst \u00fcber unseren Webshop bestellen und mithilfe des Gutscheincodes (befindet sich auf dem Gutschein) direkt im Warenkorb (Eingabe in das Feld \u201eGutschein Code\u201c) bezahlen. Anschlie\u00dfend schicken wir der beschenkten Person unseren MARIMU-Spender sowie alle Utensilien und die Herstellungsanleitung per Post direkt an die angegebene Adresse.","og_url":"https:\/\/marimu.de\/en\/product\/gutschein-vor-ort\/","og_site_name":"MARIMU","article_publisher":"https:\/\/www.facebook.com\/marimu.muttermilchcreme","article_modified_time":"2024-10-06T17:56:09+00:00","og_image":[{"width":540,"height":540,"url":"https:\/\/marimu.de\/wp-content\/uploads\/2022\/09\/Jetzt-kaufen_Online_GutscheinVorOrt-1.jpg","type":"image\/jpeg"}],"twitter_card":"summary_large_image","twitter_misc":{"Estimated reading time":"1 minute"},"schema":{"@context":"https:\/\/schema.org","@graph":[{"@type":"WebPage","@id":"https:\/\/marimu.de\/produkt\/gutschein-vor-ort\/","url":"https:\/\/marimu.de\/produkt\/gutschein-vor-ort\/","name":"Gutschein \"Vor-Ort-Variante\" - MARIMU","isPartOf":{"@id":"https:\/\/marimu.de\/#website"},"primaryImageOfPage":{"@id":"https:\/\/marimu.de\/produkt\/gutschein-vor-ort\/#primaryimage"},"image":{"@id":"https:\/\/marimu.de\/produkt\/gutschein-vor-ort\/#primaryimage"},"thumbnailUrl":"https:\/\/marimu.de\/wp-content\/uploads\/2022\/09\/Jetzt-kaufen_Online_GutscheinVorOrt-1.jpg","datePublished":"2022-09-25T09:56:17+00:00","dateModified":"2024-10-06T17:56:09+00:00","breadcrumb":{"@id":"https:\/\/marimu.de\/produkt\/gutschein-vor-ort\/#breadcrumb"},"inLanguage":"en-GB","potentialAction":[{"@type":"ReadAction","target":["https:\/\/marimu.de\/produkt\/gutschein-vor-ort\/"]}]},{"@type":"ImageObject","inLanguage":"en-GB","@id":"https:\/\/marimu.de\/produkt\/gutschein-vor-ort\/#primaryimage","url":"https:\/\/marimu.de\/wp-content\/uploads\/2022\/09\/Jetzt-kaufen_Online_GutscheinVorOrt-1.jpg","contentUrl":"https:\/\/marimu.de\/wp-content\/uploads\/2022\/09\/Jetzt-kaufen_Online_GutscheinVorOrt-1.jpg","width":540,"height":540},{"@type":"BreadcrumbList","@id":"https:\/\/marimu.de\/produkt\/gutschein-vor-ort\/#breadcrumb","itemListElement":[{"@type":"ListItem","position":1,"name":"Startseite","item":"https:\/\/marimu.de\/"},{"@type":"ListItem","position":2,"name":"Shop_alt","item":"https:\/\/marimu.de\/?page_id=32"},{"@type":"ListItem","position":3,"name":"Gutschein &#8222;Vor-Ort-Variante&#8220;"}]},{"@type":"WebSite","@id":"https:\/\/marimu.de\/#website","url":"https:\/\/marimu.de\/","name":"MARIMU","description":"Das Beste f\u00fcr dein Kind","publisher":{"@id":"https:\/\/marimu.de\/#organization"},"potentialAction":[{"@type":"SearchAction","target":{"@type":"EntryPoint","urlTemplate":"https:\/\/marimu.de\/?s={search_term_string}"},"query-input":{"@type":"PropertyValueSpecification","valueRequired":true,"valueName":"search_term_string"}}],"inLanguage":"en-GB"},{"@type":"Organization","@id":"https:\/\/marimu.de\/#organization","name":"MARIMU \u2013 DAS BESTE F\u00dcR IHR KIND","url":"https:\/\/marimu.de\/","logo":{"@type":"ImageObject","inLanguage":"en-GB","@id":"https:\/\/marimu.de\/#\/schema\/logo\/image\/","url":"https:\/\/marimu.de\/wp-content\/uploads\/2022\/09\/marimu_logo.jpg","contentUrl":"https:\/\/marimu.de\/wp-content\/uploads\/2022\/09\/marimu_logo.jpg","width":250,"height":60,"caption":"MARIMU \u2013 DAS BESTE F\u00dcR IHR KIND"},"image":{"@id":"https:\/\/marimu.de\/#\/schema\/logo\/image\/"},"sameAs":["https:\/\/www.facebook.com\/marimu.muttermilchcreme","https:\/\/www.instagram.com\/marimu.muttermilchcreme\/"]}]}},"_links":{"self":[{"href":"https:\/\/marimu.de\/en\/wp-json\/wp\/v2\/product\/1164","targetHints":{"allow":["GET"]}}],"collection":[{"href":"https:\/\/marimu.de\/en\/wp-json\/wp\/v2\/product"}],"about":[{"href":"https:\/\/marimu.de\/en\/wp-json\/wp\/v2\/types\/product"}],"wp:featuredmedia":[{"embeddable":true,"href":"https:\/\/marimu.de\/en\/wp-json\/wp\/v2\/media\/2255"}],"wp:attachment":[{"href":"https:\/\/marimu.de\/en\/wp-json\/wp\/v2\/media?parent=1164"}],"wp:term":[{"taxonomy":"product_brand","embeddable":true,"href":"https:\/\/marimu.de\/en\/wp-json\/wp\/v2\/product_brand?post=1164"},{"taxonomy":"product_cat","embeddable":true,"href":"https:\/\/marimu.de\/en\/wp-json\/wp\/v2\/product_cat?post=1164"},{"taxonomy":"product_tag","embeddable":true,"href":"https:\/\/marimu.de\/en\/wp-json\/wp\/v2\/product_tag?post=1164"}],"curies":[{"name":"wp","href":"https:\/\/api.w.org\/{rel}","templated":true}]}}