{"id":1166,"date":"2022-09-25T11:58:40","date_gmt":"2022-09-25T09:58:40","guid":{"rendered":"https:\/\/marimu.de\/?post_type=product&#038;p=1166"},"modified":"2024-10-06T19:27:58","modified_gmt":"2024-10-06T17:27:58","slug":"gutschein-versand","status":"publish","type":"product","link":"https:\/\/marimu.de\/en\/product\/gutschein-versand\/","title":{"rendered":"Voucher \"Delivery\""},"content":{"rendered":"","protected":false},"excerpt":{"rendered":"<p class=\"translation-block\">You yourself are NOT from Amberg-Sulzbach and would like to give a gift to someone who is <strong><u>NOT<\/u>\u00a0lives in Amberg-Sulzbach<\/strong>\u00a0? Then this is the right voucher for you!<\/p>\n<p>&nbsp;<\/p>\n<p class=\"translation-block\">You have chosen the \u201c<strong>Shipping option\u201d voucher, i.e. the voucher can be redeemed <b>online<\/b> via our website (www.marimu.de \/product\/breast milk cream). We then send our MARIMU dispenser directly to the recipient's home by post.<\/p>\n<p class=\"translation-block\">With the \u201cshipping option\u201d we can send our MARIMU dispenser <b>worldwide<\/b>!<\/p>\n<p>&nbsp;<\/p>\n<p class=\"translation-block\">You will receive our high-quality <strong>voucher<\/strong> from us <strong>by post<\/strong>! The <strong>voucher code<\/strong> is located directly on the voucher. To pay, the voucher code must be entered into the \u201cVoucher Code\u201d field in the shopping cart on our MARIMU website!<\/p>\n<p>&nbsp;<\/p>\n<p>_____________________<\/p>\n<p>&nbsp;<\/p>\n<p class=\"translation-block\">MARIMU was developed as a local product, but it quickly became clear:<strong>The world needs MARIMU!<\/strong>\u00a0So we worked intensively on how we could also send MARIMU\u00a0<strong>worldwide<\/strong>. After a few attempts, we managed to adapt our manufacturing instructions so that we can ship MARIMU worldwide - unfortunately shipping costs some money and is the reason why the shipping option is more expensive than the on-site option.<\/p>\n<p>&nbsp;<\/p>\n<p><strong>How exactly does shipping work?<\/strong><\/p>\n<ol>\n<li>Complete your order via our online shop.<\/li>\n<li>We will send you our MARIMU voucher \u201cshipping option\u201d directly to the address provided.<\/li>\n<\/ol>\n<p>&nbsp;<\/p>\n<p>_____________________<\/p>\n<p>&nbsp;<\/p>\n<p>Does the recipient live in Amberg-Sulzbach or the surrounding area?<\/p>\n<p class=\"translation-block\">Then you should choose the <a href=\"https:\/\/marimu.de\/en\/product\/gutschein-vor-ort\/\" target=\"_self\">voucher \"on-site variant\"<\/a>! Here you can save money because there are no costs for shipping the MARIMU dispenser.<\/p>","protected":false},"featured_media":2256,"template":"","meta":{"_glsr_average":0,"_glsr_ranking":0,"_glsr_reviews":0},"product_brand":[],"product_cat":[33],"product_tag":[],"class_list":{"0":"post-1166","1":"product","2":"type-product","3":"status-publish","4":"has-post-thumbnail","6":"product_cat-gutscheine","7":"product_shipping_class-gutscheine","9":"first","10":"instock","11":"taxable","12":"shipping-taxable","13":"purchasable","14":"product-type-simple"},"yoast_head":"<!-- This site is optimized with the Yoast SEO plugin v27.5 - https:\/\/yoast.com\/product\/yoast-seo-wordpress\/ -->\n<title>Gutschein &quot;Versand-Variante&quot; - MARIMU<\/title>\n<meta name=\"robots\" content=\"index, follow, max-snippet:-1, max-image-preview:large, max-video-preview:-1\" \/>\n<link rel=\"canonical\" href=\"https:\/\/marimu.de\/en\/product\/gutschein-versand\/\" \/>\n<meta property=\"og:locale\" content=\"en_GB\" \/>\n<meta property=\"og:type\" content=\"article\" \/>\n<meta property=\"og:title\" content=\"Gutschein &quot;Versand-Variante&quot; - MARIMU\" \/>\n<meta property=\"og:description\" content=\"Du selbst bist NICHT\u00a0aus Amberg-Sulzbach\u00a0und m\u00f6chtest\u00a0jemanden beschenken, der ebenfalls NICHT\u00a0in Amberg-Sulzbach\u00a0wohnt? Dann ist das der richtige Gutschein f\u00fcr dich!  &nbsp;  Du hast dich f\u00fcr den Gutschein \u201eVersand-Variante\u201c\u00a0entschieden, d.h. die\u00a0Einl\u00f6sung des Gutscheins\u00a0erfolgt\u00a0online \u00fcber unsere Webseite (www.marimu.de\/produkt\/muttermilchcreme). Anschlie\u00dfend\u00a0schicken\u00a0wir der beschenkten Person unseren\u00a0MARIMU-Spender direkt\u00a0per Post\u00a0nach Hause.  Mit der \u201eVersand-Variante\u201c k\u00f6nnen wir unseren MARIMU-Spender weltweit\u00a0verschicken!  &nbsp;  Unseren hochwertig gestalteten\u00a0Gutschein\u00a0erh\u00e4ltst du von uns\u00a0per Post zugeschickt! Der Gutscheincode befindet sich direkt auf dem Gutschein. Zum Bezahlen muss der Gutscheincode auf unserer MARIMU-Webseite im Warenkorb in das Feld \u201eGutschein Code\u201c eingegeben werden!  &nbsp;  _____________________  &nbsp;  MARIMU wurde als lokales Produkt entwickelt, doch schnell war klar:\u00a0Die Welt braucht MARIMU!\u00a0Daher haben wir intensiv daran get\u00fcftelt, wie wir MARIMU auch\u00a0weltweit\u00a0verschicken k\u00f6nnen. Nach einigen Versuchen ist es uns gelungen unsere Herstellungsvorschrift so anzupassen, dass wir MARIMU weltweit verschicken k\u00f6nnen \u2013 das Versenden kostet leider etwas Geld und ist der Grund, warum die Versand-Variante teurer ist als der Vor-Ort-Variante.  &nbsp;  Wie l\u00e4uft der Versand genau ab?   Schlie\u00dfe deine Bestellung \u00fcber unseren Online-Shop ab.  Wir schicken dir unseren MARIMU-Gutschein \u201eVersand-Variante\u201c direkt an die angegebene Adresse.  &nbsp;  _____________________  &nbsp;  Die Beschenkte Person wohnt in Amberg-Sulzbach oder n\u00e4herer Umgebung?  Dann solltest du lieber den\u00a0Gutschein \u201eVor-Ort-Variante\u201c\u00a0w\u00e4hlen! Hier kannst du dir bares Geld sparen, da die Kosten f\u00fcr den Versand des MARIMU-Spenders entfallen.\" \/>\n<meta property=\"og:url\" content=\"https:\/\/marimu.de\/en\/product\/gutschein-versand\/\" \/>\n<meta property=\"og:site_name\" content=\"MARIMU\" \/>\n<meta property=\"article:publisher\" content=\"https:\/\/www.facebook.com\/marimu.muttermilchcreme\" \/>\n<meta property=\"article:modified_time\" content=\"2024-10-06T17:27:58+00:00\" \/>\n<meta property=\"og:image\" content=\"https:\/\/marimu.de\/wp-content\/uploads\/2022\/09\/Jetzt-kaufen_Online_GutscheinVersand.jpg\" \/>\n\t<meta property=\"og:image:width\" content=\"540\" \/>\n\t<meta property=\"og:image:height\" content=\"540\" \/>\n\t<meta property=\"og:image:type\" content=\"image\/jpeg\" \/>\n<meta name=\"twitter:card\" content=\"summary_large_image\" \/>\n<meta name=\"twitter:label1\" content=\"Estimated reading time\" \/>\n\t<meta name=\"twitter:data1\" content=\"1 minute\" \/>\n<script type=\"application\/ld+json\" class=\"yoast-schema-graph\">{\"@context\":\"https:\\\/\\\/schema.org\",\"@graph\":[{\"@type\":\"WebPage\",\"@id\":\"https:\\\/\\\/marimu.de\\\/produkt\\\/gutschein-versand\\\/\",\"url\":\"https:\\\/\\\/marimu.de\\\/produkt\\\/gutschein-versand\\\/\",\"name\":\"Gutschein \\\"Versand-Variante\\\" - MARIMU\",\"isPartOf\":{\"@id\":\"https:\\\/\\\/marimu.de\\\/#website\"},\"primaryImageOfPage\":{\"@id\":\"https:\\\/\\\/marimu.de\\\/produkt\\\/gutschein-versand\\\/#primaryimage\"},\"image\":{\"@id\":\"https:\\\/\\\/marimu.de\\\/produkt\\\/gutschein-versand\\\/#primaryimage\"},\"thumbnailUrl\":\"https:\\\/\\\/marimu.de\\\/wp-content\\\/uploads\\\/2022\\\/09\\\/Jetzt-kaufen_Online_GutscheinVersand.jpg\",\"datePublished\":\"2022-09-25T09:58:40+00:00\",\"dateModified\":\"2024-10-06T17:27:58+00:00\",\"breadcrumb\":{\"@id\":\"https:\\\/\\\/marimu.de\\\/produkt\\\/gutschein-versand\\\/#breadcrumb\"},\"inLanguage\":\"en-GB\",\"potentialAction\":[{\"@type\":\"ReadAction\",\"target\":[\"https:\\\/\\\/marimu.de\\\/produkt\\\/gutschein-versand\\\/\"]}]},{\"@type\":\"ImageObject\",\"inLanguage\":\"en-GB\",\"@id\":\"https:\\\/\\\/marimu.de\\\/produkt\\\/gutschein-versand\\\/#primaryimage\",\"url\":\"https:\\\/\\\/marimu.de\\\/wp-content\\\/uploads\\\/2022\\\/09\\\/Jetzt-kaufen_Online_GutscheinVersand.jpg\",\"contentUrl\":\"https:\\\/\\\/marimu.de\\\/wp-content\\\/uploads\\\/2022\\\/09\\\/Jetzt-kaufen_Online_GutscheinVersand.jpg\",\"width\":540,\"height\":540},{\"@type\":\"BreadcrumbList\",\"@id\":\"https:\\\/\\\/marimu.de\\\/produkt\\\/gutschein-versand\\\/#breadcrumb\",\"itemListElement\":[{\"@type\":\"ListItem\",\"position\":1,\"name\":\"Startseite\",\"item\":\"https:\\\/\\\/marimu.de\\\/\"},{\"@type\":\"ListItem\",\"position\":2,\"name\":\"Shop_alt\",\"item\":\"https:\\\/\\\/marimu.de\\\/?page_id=32\"},{\"@type\":\"ListItem\",\"position\":3,\"name\":\"Gutschein &#8222;Versand-Variante&#8220;\"}]},{\"@type\":\"WebSite\",\"@id\":\"https:\\\/\\\/marimu.de\\\/#website\",\"url\":\"https:\\\/\\\/marimu.de\\\/\",\"name\":\"MARIMU\",\"description\":\"Das Beste f\u00fcr dein Kind\",\"publisher\":{\"@id\":\"https:\\\/\\\/marimu.de\\\/#organization\"},\"potentialAction\":[{\"@type\":\"SearchAction\",\"target\":{\"@type\":\"EntryPoint\",\"urlTemplate\":\"https:\\\/\\\/marimu.de\\\/?s={search_term_string}\"},\"query-input\":{\"@type\":\"PropertyValueSpecification\",\"valueRequired\":true,\"valueName\":\"search_term_string\"}}],\"inLanguage\":\"en-GB\"},{\"@type\":\"Organization\",\"@id\":\"https:\\\/\\\/marimu.de\\\/#organization\",\"name\":\"MARIMU \u2013 DAS BESTE F\u00dcR IHR KIND\",\"url\":\"https:\\\/\\\/marimu.de\\\/\",\"logo\":{\"@type\":\"ImageObject\",\"inLanguage\":\"en-GB\",\"@id\":\"https:\\\/\\\/marimu.de\\\/#\\\/schema\\\/logo\\\/image\\\/\",\"url\":\"https:\\\/\\\/marimu.de\\\/wp-content\\\/uploads\\\/2022\\\/09\\\/marimu_logo.jpg\",\"contentUrl\":\"https:\\\/\\\/marimu.de\\\/wp-content\\\/uploads\\\/2022\\\/09\\\/marimu_logo.jpg\",\"width\":250,\"height\":60,\"caption\":\"MARIMU \u2013 DAS BESTE F\u00dcR IHR KIND\"},\"image\":{\"@id\":\"https:\\\/\\\/marimu.de\\\/#\\\/schema\\\/logo\\\/image\\\/\"},\"sameAs\":[\"https:\\\/\\\/www.facebook.com\\\/marimu.muttermilchcreme\",\"https:\\\/\\\/www.instagram.com\\\/marimu.muttermilchcreme\\\/\"]}]}<\/script>\n<!-- \/ Yoast SEO plugin. -->","yoast_head_json":{"title":"Gutschein \"Versand-Variante\" - MARIMU","robots":{"index":"index","follow":"follow","max-snippet":"max-snippet:-1","max-image-preview":"max-image-preview:large","max-video-preview":"max-video-preview:-1"},"canonical":"https:\/\/marimu.de\/en\/product\/gutschein-versand\/","og_locale":"en_GB","og_type":"article","og_title":"Gutschein \"Versand-Variante\" - MARIMU","og_description":"Du selbst bist NICHT\u00a0aus Amberg-Sulzbach\u00a0und m\u00f6chtest\u00a0jemanden beschenken, der ebenfalls NICHT\u00a0in Amberg-Sulzbach\u00a0wohnt? Dann ist das der richtige Gutschein f\u00fcr dich!  &nbsp;  Du hast dich f\u00fcr den Gutschein \u201eVersand-Variante\u201c\u00a0entschieden, d.h. die\u00a0Einl\u00f6sung des Gutscheins\u00a0erfolgt\u00a0online \u00fcber unsere Webseite (www.marimu.de\/produkt\/muttermilchcreme). Anschlie\u00dfend\u00a0schicken\u00a0wir der beschenkten Person unseren\u00a0MARIMU-Spender direkt\u00a0per Post\u00a0nach Hause.  Mit der \u201eVersand-Variante\u201c k\u00f6nnen wir unseren MARIMU-Spender weltweit\u00a0verschicken!  &nbsp;  Unseren hochwertig gestalteten\u00a0Gutschein\u00a0erh\u00e4ltst du von uns\u00a0per Post zugeschickt! Der Gutscheincode befindet sich direkt auf dem Gutschein. Zum Bezahlen muss der Gutscheincode auf unserer MARIMU-Webseite im Warenkorb in das Feld \u201eGutschein Code\u201c eingegeben werden!  &nbsp;  _____________________  &nbsp;  MARIMU wurde als lokales Produkt entwickelt, doch schnell war klar:\u00a0Die Welt braucht MARIMU!\u00a0Daher haben wir intensiv daran get\u00fcftelt, wie wir MARIMU auch\u00a0weltweit\u00a0verschicken k\u00f6nnen. Nach einigen Versuchen ist es uns gelungen unsere Herstellungsvorschrift so anzupassen, dass wir MARIMU weltweit verschicken k\u00f6nnen \u2013 das Versenden kostet leider etwas Geld und ist der Grund, warum die Versand-Variante teurer ist als der Vor-Ort-Variante.  &nbsp;  Wie l\u00e4uft der Versand genau ab?   Schlie\u00dfe deine Bestellung \u00fcber unseren Online-Shop ab.  Wir schicken dir unseren MARIMU-Gutschein \u201eVersand-Variante\u201c direkt an die angegebene Adresse.  &nbsp;  _____________________  &nbsp;  Die Beschenkte Person wohnt in Amberg-Sulzbach oder n\u00e4herer Umgebung?  Dann solltest du lieber den\u00a0Gutschein \u201eVor-Ort-Variante\u201c\u00a0w\u00e4hlen! Hier kannst du dir bares Geld sparen, da die Kosten f\u00fcr den Versand des MARIMU-Spenders entfallen.","og_url":"https:\/\/marimu.de\/en\/product\/gutschein-versand\/","og_site_name":"MARIMU","article_publisher":"https:\/\/www.facebook.com\/marimu.muttermilchcreme","article_modified_time":"2024-10-06T17:27:58+00:00","og_image":[{"width":540,"height":540,"url":"https:\/\/marimu.de\/wp-content\/uploads\/2022\/09\/Jetzt-kaufen_Online_GutscheinVersand.jpg","type":"image\/jpeg"}],"twitter_card":"summary_large_image","twitter_misc":{"Estimated reading time":"1 minute"},"schema":{"@context":"https:\/\/schema.org","@graph":[{"@type":"WebPage","@id":"https:\/\/marimu.de\/produkt\/gutschein-versand\/","url":"https:\/\/marimu.de\/produkt\/gutschein-versand\/","name":"Gutschein \"Versand-Variante\" - MARIMU","isPartOf":{"@id":"https:\/\/marimu.de\/#website"},"primaryImageOfPage":{"@id":"https:\/\/marimu.de\/produkt\/gutschein-versand\/#primaryimage"},"image":{"@id":"https:\/\/marimu.de\/produkt\/gutschein-versand\/#primaryimage"},"thumbnailUrl":"https:\/\/marimu.de\/wp-content\/uploads\/2022\/09\/Jetzt-kaufen_Online_GutscheinVersand.jpg","datePublished":"2022-09-25T09:58:40+00:00","dateModified":"2024-10-06T17:27:58+00:00","breadcrumb":{"@id":"https:\/\/marimu.de\/produkt\/gutschein-versand\/#breadcrumb"},"inLanguage":"en-GB","potentialAction":[{"@type":"ReadAction","target":["https:\/\/marimu.de\/produkt\/gutschein-versand\/"]}]},{"@type":"ImageObject","inLanguage":"en-GB","@id":"https:\/\/marimu.de\/produkt\/gutschein-versand\/#primaryimage","url":"https:\/\/marimu.de\/wp-content\/uploads\/2022\/09\/Jetzt-kaufen_Online_GutscheinVersand.jpg","contentUrl":"https:\/\/marimu.de\/wp-content\/uploads\/2022\/09\/Jetzt-kaufen_Online_GutscheinVersand.jpg","width":540,"height":540},{"@type":"BreadcrumbList","@id":"https:\/\/marimu.de\/produkt\/gutschein-versand\/#breadcrumb","itemListElement":[{"@type":"ListItem","position":1,"name":"Startseite","item":"https:\/\/marimu.de\/"},{"@type":"ListItem","position":2,"name":"Shop_alt","item":"https:\/\/marimu.de\/?page_id=32"},{"@type":"ListItem","position":3,"name":"Gutschein &#8222;Versand-Variante&#8220;"}]},{"@type":"WebSite","@id":"https:\/\/marimu.de\/#website","url":"https:\/\/marimu.de\/","name":"MARIMU","description":"Das Beste f\u00fcr dein Kind","publisher":{"@id":"https:\/\/marimu.de\/#organization"},"potentialAction":[{"@type":"SearchAction","target":{"@type":"EntryPoint","urlTemplate":"https:\/\/marimu.de\/?s={search_term_string}"},"query-input":{"@type":"PropertyValueSpecification","valueRequired":true,"valueName":"search_term_string"}}],"inLanguage":"en-GB"},{"@type":"Organization","@id":"https:\/\/marimu.de\/#organization","name":"MARIMU \u2013 DAS BESTE F\u00dcR IHR KIND","url":"https:\/\/marimu.de\/","logo":{"@type":"ImageObject","inLanguage":"en-GB","@id":"https:\/\/marimu.de\/#\/schema\/logo\/image\/","url":"https:\/\/marimu.de\/wp-content\/uploads\/2022\/09\/marimu_logo.jpg","contentUrl":"https:\/\/marimu.de\/wp-content\/uploads\/2022\/09\/marimu_logo.jpg","width":250,"height":60,"caption":"MARIMU \u2013 DAS BESTE F\u00dcR IHR KIND"},"image":{"@id":"https:\/\/marimu.de\/#\/schema\/logo\/image\/"},"sameAs":["https:\/\/www.facebook.com\/marimu.muttermilchcreme","https:\/\/www.instagram.com\/marimu.muttermilchcreme\/"]}]}},"_links":{"self":[{"href":"https:\/\/marimu.de\/en\/wp-json\/wp\/v2\/product\/1166","targetHints":{"allow":["GET"]}}],"collection":[{"href":"https:\/\/marimu.de\/en\/wp-json\/wp\/v2\/product"}],"about":[{"href":"https:\/\/marimu.de\/en\/wp-json\/wp\/v2\/types\/product"}],"wp:featuredmedia":[{"embeddable":true,"href":"https:\/\/marimu.de\/en\/wp-json\/wp\/v2\/media\/2256"}],"wp:attachment":[{"href":"https:\/\/marimu.de\/en\/wp-json\/wp\/v2\/media?parent=1166"}],"wp:term":[{"taxonomy":"product_brand","embeddable":true,"href":"https:\/\/marimu.de\/en\/wp-json\/wp\/v2\/product_brand?post=1166"},{"taxonomy":"product_cat","embeddable":true,"href":"https:\/\/marimu.de\/en\/wp-json\/wp\/v2\/product_cat?post=1166"},{"taxonomy":"product_tag","embeddable":true,"href":"https:\/\/marimu.de\/en\/wp-json\/wp\/v2\/product_tag?post=1166"}],"curies":[{"name":"wp","href":"https:\/\/api.w.org\/{rel}","templated":true}]}}